{"id":2379,"date":"2024-06-05T15:09:13","date_gmt":"2024-06-05T13:09:13","guid":{"rendered":"https:\/\/scoder-metalforming.com\/wer-wir-sind\/"},"modified":"2026-02-27T16:38:34","modified_gmt":"2026-02-27T15:38:34","slug":"wer-wir-sind","status":"publish","type":"page","link":"https:\/\/scoder-metalforming.com\/de\/wer-wir-sind\/","title":{"rendered":"Wer wir sind"},"content":{"rendered":"\n<div class=\"wp-block-cover alignfull wp-duotone-dark-grayscale\" style=\"min-height:724px;aspect-ratio:unset;\"><img loading=\"lazy\" decoding=\"async\" width=\"2420\" height=\"1481\" class=\"wp-block-cover__image-background wp-image-2270\" alt=\"\" src=\"https:\/\/scoder-metalforming.com\/wp-content\/uploads\/2024\/11\/scoder-resized.jpg\" data-object-fit=\"cover\" srcset=\"https:\/\/scoder-metalforming.com\/wp-content\/uploads\/2024\/11\/scoder-resized.jpg 2420w, https:\/\/scoder-metalforming.com\/wp-content\/uploads\/2024\/11\/scoder-resized-300x184.jpg 300w, https:\/\/scoder-metalforming.com\/wp-content\/uploads\/2024\/11\/scoder-resized-1024x627.jpg 1024w, https:\/\/scoder-metalforming.com\/wp-content\/uploads\/2024\/11\/scoder-resized-768x470.jpg 768w, https:\/\/scoder-metalforming.com\/wp-content\/uploads\/2024\/11\/scoder-resized-1536x940.jpg 1536w, https:\/\/scoder-metalforming.com\/wp-content\/uploads\/2024\/11\/scoder-resized-2048x1253.jpg 2048w\" sizes=\"auto, (max-width: 2420px) 100vw, 2420px\" \/><span aria-hidden=\"true\" class=\"wp-block-cover__background has-noir-background-color has-background-dim-0 has-background-dim\"><\/span><div class=\"wp-block-cover__inner-container is-layout-flow wp-block-cover-is-layout-flow\">\n<figure class=\"wp-block-image aligncenter size-large\"><img loading=\"lazy\" decoding=\"async\" width=\"399\" height=\"82\" src=\"https:\/\/scoder-metalforming.com\/wp-content\/uploads\/2024\/06\/scoder-name-white.svg\" alt=\"Scoder\" class=\"wp-image-806\"\/><\/figure>\n<\/div><\/div>\n<h1 class=\"revealer fadeInLeft wp-block-post-title\">Wer wir sind<\/h1><nav aria-label=\"breadcrumbs\" class=\"rank-math-breadcrumb\"><p><span class=\"last\">Home<\/span><\/p><\/nav>\n\n<h2 class=\"wp-block-heading\"><strong>SCODER: Sieben Jahrzehnte Erfahrung in der Metallumformung<\/strong> <\/h2>\n\n<p class=\"has-medium-font-size\" style=\"margin-bottom:0\">SCODER ist ein Unternehmen, das sich auf hochpr\u00e4zise Metallumformung spezialisiert hat, mit 70 Jahren Erfahrung. Es geh\u00f6rt zu einer franz\u00f6sischen Industrieunternehmerfamilie, die seit 1929 etabliert ist (Familie R. Bourgeois). Wir sind stolz darauf, mit unseren gesch\u00e4tzten Kunden zusammenzuarbeiten, um innovative Fertigungsl\u00f6sungen zu entwickeln, die ihren h\u00f6chsten Anforderungen an Sicherheit, Nachhaltigkeit, Wiederholbarkeit und kosteneffizientes Design entsprechen und ihnen helfen, in global wettbewerbsintensiven M\u00e4rkten erfolgreich zu sein.  <\/p>\n\n<div style=\"height:var(--wp--preset--spacing--spacing-5)\" aria-hidden=\"true\" class=\"wp-block-spacer\"><\/div>\n\n<details class=\"wp-block-details has-primary-color has-text-color has-link-color has-medium-font-size wp-elements-a662986450bdb2260eb0591e695cbb66 is-layout-flow wp-block-details-is-layout-flow\" style=\"font-style:normal;font-weight:600\"><summary>Unsere Vision<\/summary>\n<p class=\"has-contrast-color has-text-color has-link-color has-regular-font-size wp-elements-9d92fea0096a37b7dd977b4c606dc889\" style=\"font-style:normal;font-weight:400\">Industrialisierung von Projekten, die sicher, umweltfreundlich und nachhaltig sind. <\/p>\n<\/details>\n\n<details class=\"wp-block-details has-primary-color has-text-color has-link-color has-medium-font-size wp-elements-40584a6f0cf2b14d424f3f4b274b783f is-layout-flow wp-block-details-is-layout-flow\" style=\"font-style:normal;font-weight:600\"><summary>Unser Motto<\/summary>\n<p class=\"has-contrast-color has-text-color has-link-color has-regular-font-size wp-elements-b6235a0962e8c5fbe01712912b066ba2\" style=\"font-style:normal;font-weight:400\"><strong>Pr\u00e4zise Metallumformung mit Leidenschaft.<\/strong><\/p>\n<\/details>\n\n<details class=\"wp-block-details has-primary-color has-text-color has-link-color has-medium-font-size wp-elements-ea896508fbb3d2526b5b7fc427a80d84 is-layout-flow wp-block-details-is-layout-flow\" style=\"font-style:normal;font-weight:600\"><summary>Unsere Kunden und Partner<\/summary>\n<p class=\"has-contrast-color has-text-color has-link-color has-regular-font-size wp-elements-96868fa503f9f36f16513826a3ec15ed\" style=\"font-style:normal;font-weight:400\">SCODER arbeitet mit den weltweit f\u00fchrenden OEMs zusammen. <\/p>\n\n\n\n<figure data-wp-context=\"{&quot;imageId&quot;:&quot;69e9de808d2b1&quot;}\" data-wp-interactive=\"core\/image\" data-wp-key=\"69e9de808d2b1\" class=\"wp-block-image aligncenter size-large wp-lightbox-container\"><img loading=\"lazy\" decoding=\"async\" width=\"1024\" height=\"538\" data-wp-class--hide=\"state.isContentHidden\" data-wp-class--show=\"state.isContentVisible\" data-wp-init=\"callbacks.setButtonStyles\" data-wp-on--click=\"actions.showLightbox\" data-wp-on--load=\"callbacks.setButtonStyles\" data-wp-on-window--resize=\"callbacks.setButtonStyles\" src=\"https:\/\/scoder-metalforming.com\/wp-content\/uploads\/2024\/06\/scoder-oem-map-1024x538.png\" alt=\"America 13%,&#10;France 37%,&#10;EMEA 45%,&#10;Asia 5%\" class=\"wp-image-638\" srcset=\"https:\/\/scoder-metalforming.com\/wp-content\/uploads\/2024\/06\/scoder-oem-map-1024x538.png 1024w, https:\/\/scoder-metalforming.com\/wp-content\/uploads\/2024\/06\/scoder-oem-map-300x157.png 300w, https:\/\/scoder-metalforming.com\/wp-content\/uploads\/2024\/06\/scoder-oem-map-768x403.png 768w, https:\/\/scoder-metalforming.com\/wp-content\/uploads\/2024\/06\/scoder-oem-map.png 1183w\" sizes=\"auto, (max-width: 1024px) 100vw, 1024px\" \/><button\n\t\t\tclass=\"lightbox-trigger\"\n\t\t\ttype=\"button\"\n\t\t\taria-haspopup=\"dialog\"\n\t\t\taria-label=\"Vergr\u00f6\u00dfern\"\n\t\t\tdata-wp-init=\"callbacks.initTriggerButton\"\n\t\t\tdata-wp-on--click=\"actions.showLightbox\"\n\t\t\tdata-wp-style--right=\"state.imageButtonRight\"\n\t\t\tdata-wp-style--top=\"state.imageButtonTop\"\n\t\t>\n\t\t\t<svg xmlns=\"http:\/\/www.w3.org\/2000\/svg\" width=\"12\" height=\"12\" fill=\"none\" viewBox=\"0 0 12 12\">\n\t\t\t\t<path fill=\"#fff\" d=\"M2 0a2 2 0 0 0-2 2v2h1.5V2a.5.5 0 0 1 .5-.5h2V0H2Zm2 10.5H2a.5.5 0 0 1-.5-.5V8H0v2a2 2 0 0 0 2 2h2v-1.5ZM8 12v-1.5h2a.5.5 0 0 0 .5-.5V8H12v2a2 2 0 0 1-2 2H8Zm2-12a2 2 0 0 1 2 2v2h-1.5V2a.5.5 0 0 0-.5-.5H8V0h2Z\" \/>\n\t\t\t<\/svg>\n\t\t<\/button><\/figure>\n<\/details>\n\n<details class=\"wp-block-details has-primary-color has-text-color has-link-color has-medium-font-size wp-elements-2ffaa56f2075f1c352c95e9bfa5b95a8 is-layout-flow wp-block-details-is-layout-flow\" style=\"font-style:normal;font-weight:600\"><summary>Unsere Produktnutzer<\/summary>\n<p class=\"has-contrast-color has-text-color has-link-color has-regular-font-size wp-elements-05921f14fc83b8d0c2b6388917211acb\" style=\"font-style:normal;font-weight:400\"><strong>Sie!<\/strong> Wenn Sie fahren, besteht eine gro\u00dfe Chance, dass Sie von SCODER-Produkten profitieren. Unsere Komponenten sind entscheidend, um eine sichere und komfortable Mobilit\u00e4t zu gew\u00e4hrleisten.  <\/p>\n<\/details>\n\n<details class=\"wp-block-details has-primary-color has-text-color has-link-color has-medium-font-size wp-elements-e7d4bf8c6b2d7b38212b1e2337402b18 is-layout-flow wp-block-details-is-layout-flow\" style=\"font-style:normal;font-weight:600\"><summary>Unsere Verpflichtungen<\/summary>\n<div class=\"wp-block-columns is-layout-flex wp-container-core-columns-is-layout-28f84493 wp-block-columns-is-layout-flex\">\n<div class=\"wp-block-column is-layout-flow wp-block-column-is-layout-flow\" style=\"flex-basis:25%\">\n<p class=\"paragraph-scoder-acronym has-contrast-color has-text-color has-link-color has-regular-font-size wp-elements-f6a73e695081e30823f8a714ea709c8e\" style=\"font-style:normal;font-weight:500\">Sichere Industrialisierung<br\/>Customer first<br\/>Origami-Metallumformung<br\/>Design und Co-Design<br\/>Exzellenz<br\/>Reaktionsf\u00e4higkeit<\/p>\n<\/div>\n\n\n\n<div class=\"wp-block-column is-layout-flow wp-block-column-is-layout-flow\" style=\"flex-basis:60%\">\n<div class=\"wp-block-group has-base-color has-base-background-color has-text-color has-background has-link-color wp-elements-4de3fe49972d16c681331c381e116a42 is-layout-constrained wp-container-core-group-is-layout-c3d0faaf wp-block-group-is-layout-constrained\" style=\"padding-top:0;padding-right:0;padding-bottom:0;padding-left:0;font-style:italic;font-weight:400\">\n<figure class=\"wp-block-image size-full\"><img loading=\"lazy\" decoding=\"async\" width=\"1920\" height=\"833\" src=\"https:\/\/scoder-metalforming.com\/wp-content\/uploads\/2024\/09\/ourcommitments.jpg\" alt=\"\" class=\"wp-image-1708\" srcset=\"https:\/\/scoder-metalforming.com\/wp-content\/uploads\/2024\/09\/ourcommitments.jpg 1920w, https:\/\/scoder-metalforming.com\/wp-content\/uploads\/2024\/09\/ourcommitments-300x130.jpg 300w, https:\/\/scoder-metalforming.com\/wp-content\/uploads\/2024\/09\/ourcommitments-1024x444.jpg 1024w, https:\/\/scoder-metalforming.com\/wp-content\/uploads\/2024\/09\/ourcommitments-768x333.jpg 768w, https:\/\/scoder-metalforming.com\/wp-content\/uploads\/2024\/09\/ourcommitments-1536x666.jpg 1536w\" sizes=\"auto, (max-width: 1920px) 100vw, 1920px\" \/><\/figure>\n\n\n\n<div class=\"wp-block-group d-md-block d-none is-content-justification-space-between is-layout-flex wp-container-core-group-is-layout-048f38f8 wp-block-group-is-layout-flex\" style=\"padding-top:var(--wp--preset--spacing--spacing-1);padding-right:var(--wp--preset--spacing--spacing-5);padding-bottom:0;padding-left:var(--wp--preset--spacing--spacing-5)\">\n<p class=\"has-small-font-size\" style=\"margin-top:0;margin-right:0;margin-bottom:0;margin-left:0;padding-top:0;padding-right:0;padding-bottom:0;padding-left:0\"><\/p>\n<\/div>\n<\/div>\n<\/div>\n<\/div>\n<\/details>\n\n<details class=\"wp-block-details has-primary-color has-text-color has-link-color has-medium-font-size wp-elements-a2a3520aa2a6ef073f18bb90d9ab0300 is-layout-flow wp-block-details-is-layout-flow\" style=\"font-style:normal;font-weight:600\"><summary>Unsere Einrichtungen<\/summary>\n<div class=\"wp-block-columns is-layout-flex wp-container-core-columns-is-layout-28f84493 wp-block-columns-is-layout-flex\">\n<div class=\"wp-block-column is-layout-flow wp-block-column-is-layout-flow\" style=\"flex-basis:480px\">\n<p class=\"has-contrast-color has-text-color has-link-color has-regular-font-size wp-elements-c70484fb09712c3de3d11261198d8d45\" style=\"font-style:normal;font-weight:400\"><img loading=\"lazy\" decoding=\"async\" width=\"32\" height=\"18\" class=\"wp-image-658\" style=\"width: 32px;\" src=\"https:\/\/scoder-metalforming.com\/wp-content\/uploads\/2024\/06\/small-french-flag.svg\" alt=\"\"\/> <strong>SCODER SA<\/strong><\/p>\n\n\n\n<ul style=\"font-style:normal;font-weight:400\" class=\"wp-block-list has-contrast-color has-text-color has-link-color has-regular-font-size wp-elements-f663e39829e19fbf3586ca52b286c8aa\">\n<li>Hauptsitz<\/li>\n\n\n\n<li>Stanz- und Schwei\u00dfarbeiten<\/li>\n\n\n\n<li>Konstruktionsb\u00fcro &amp; Werkzeugwerkstatt<\/li>\n\n\n\n<li>Logistikplattform<\/li>\n<\/ul>\n<\/div>\n\n\n\n<div class=\"wp-block-column is-layout-flow wp-block-column-is-layout-flow\" style=\"flex-basis:100%\">\n<div class=\"wp-block-group is-layout-flex wp-container-core-group-is-layout-97793590 wp-block-group-is-layout-flex\">\n<figure class=\"wp-block-image size-full is-resized\"><img loading=\"lazy\" decoding=\"async\" width=\"634\" height=\"351\" src=\"https:\/\/scoder-metalforming.com\/wp-content\/uploads\/2024\/09\/perspective.jpg\" alt=\"\" class=\"wp-image-1730\" style=\"object-fit:cover;width:317px;height:194px\" srcset=\"https:\/\/scoder-metalforming.com\/wp-content\/uploads\/2024\/09\/perspective.jpg 634w, https:\/\/scoder-metalforming.com\/wp-content\/uploads\/2024\/09\/perspective-300x166.jpg 300w\" sizes=\"auto, (max-width: 634px) 100vw, 634px\" \/><\/figure>\n\n\n\n<figure class=\"wp-block-image size-full is-resized\"><img loading=\"lazy\" decoding=\"async\" width=\"317\" height=\"194\" src=\"https:\/\/scoder-metalforming.com\/wp-content\/uploads\/2024\/07\/800-Tons-Press-Degreasing-machine.png\" alt=\"800 Tons Press - Degreasing machine\" class=\"wp-image-1027\" style=\"object-fit:cover;width:317px;height:194px\" srcset=\"https:\/\/scoder-metalforming.com\/wp-content\/uploads\/2024\/07\/800-Tons-Press-Degreasing-machine.png 317w, https:\/\/scoder-metalforming.com\/wp-content\/uploads\/2024\/07\/800-Tons-Press-Degreasing-machine-300x184.png 300w\" sizes=\"auto, (max-width: 317px) 100vw, 317px\" \/><\/figure>\n<\/div>\n<\/div>\n<\/div>\n\n\n\n<div class=\"wp-block-columns is-layout-flex wp-container-core-columns-is-layout-28f84493 wp-block-columns-is-layout-flex\">\n<div class=\"wp-block-column is-layout-flow wp-block-column-is-layout-flow\" style=\"flex-basis:480px\">\n<p class=\"has-contrast-color has-text-color has-link-color has-regular-font-size wp-elements-0d16592886991e3037d329041a683a33\" style=\"font-style:normal;font-weight:400\"><img loading=\"lazy\" decoding=\"async\" width=\"32\" height=\"18\" class=\"wp-image-660\" style=\"width: 32px;\" src=\"https:\/\/scoder-metalforming.com\/wp-content\/uploads\/2024\/06\/small-czech-flag.svg\" alt=\"\"\/> <strong>SCODER CZ S.R.O<\/strong><\/p>\n\n\n\n<p class=\"has-contrast-color has-text-color has-link-color has-regular-font-size wp-elements-bccfe2c1c37402d652395e892f0ad9b7\" style=\"font-style:normal;font-weight:400\">Montaget\u00e4tigkeiten:<\/p>\n\n\n\n<ul style=\"margin-top:var(--wp--preset--spacing--spacing-1);margin-bottom:var(--wp--preset--spacing--spacing-1);font-style:normal;font-weight:400\" class=\"wp-block-list has-contrast-color has-text-color has-link-color has-regular-font-size wp-elements-53be63771068320c5887a47c0656791d\">\n<li>Roboterschwei\u00dfen<\/li>\n\n\n\n<li>Mechanische Baugruppen<\/li>\n<\/ul>\n<\/div>\n\n\n\n<div class=\"wp-block-column is-layout-flow wp-block-column-is-layout-flow\" style=\"flex-basis:100%\">\n<div class=\"wp-block-group is-layout-flex wp-container-core-group-is-layout-97793590 wp-block-group-is-layout-flex\">\n<figure class=\"wp-block-image size-full\"><img loading=\"lazy\" decoding=\"async\" width=\"317\" height=\"194\" src=\"https:\/\/scoder-metalforming.com\/wp-content\/uploads\/2024\/07\/06.png\" alt=\"\" class=\"wp-image-888\" srcset=\"https:\/\/scoder-metalforming.com\/wp-content\/uploads\/2024\/07\/06.png 317w, https:\/\/scoder-metalforming.com\/wp-content\/uploads\/2024\/07\/06-300x184.png 300w\" sizes=\"auto, (max-width: 317px) 100vw, 317px\" \/><\/figure>\n\n\n\n<figure class=\"wp-block-image size-full is-resized\"><img loading=\"lazy\" decoding=\"async\" width=\"317\" height=\"194\" src=\"https:\/\/scoder-metalforming.com\/wp-content\/uploads\/2024\/07\/03.png\" alt=\"\" class=\"wp-image-890\" style=\"object-fit:cover;width:317px;height:194px\" srcset=\"https:\/\/scoder-metalforming.com\/wp-content\/uploads\/2024\/07\/03.png 317w, https:\/\/scoder-metalforming.com\/wp-content\/uploads\/2024\/07\/03-300x184.png 300w\" sizes=\"auto, (max-width: 317px) 100vw, 317px\" \/><\/figure>\n<\/div>\n<\/div>\n<\/div>\n<\/details>\n\n<div class=\"wp-block-buttons is-content-justification-center is-layout-flex wp-container-core-buttons-is-layout-fbd3b910 wp-block-buttons-is-layout-flex\" style=\"margin-top:var(--wp--preset--spacing--spacing-5);margin-bottom:var(--wp--preset--spacing--spacing-4)\">\n<div class=\"wp-block-button\"><a class=\"wp-block-button__link wp-element-button\" href=\"&lt;!--[CDATA[https:\/\/scoder-metalforming.com\/history\/]]--&gt;\">Geschichte<\/a><\/div>\n<\/div>\n\n<h2 class=\"wp-block-heading has-text-align-center\" style=\"margin-top:var(--wp--preset--spacing--spacing-5);margin-bottom:var(--wp--preset--spacing--spacing-4)\">Kennzahlen<\/h2>\n\r\n<div id=\"block_icons_texts-block_37463119acc5ff40a0fba9837025c5b7\" class=\"block_icons_texts | \">\r\n\r\n            <div class=\"block_icons_texts-flex | d-flex justify-content-center align-items-start flex-wrap\">\r\n\r\n            \r\n                \r\n                <div class=\"block_icons_texts-item\">\r\n                    <figure class=\"block_icons_texts-icon | py-4\">\r\n                        <img loading=\"lazy\" decoding=\"async\" width=\"96\" height=\"99\" src=\"https:\/\/scoder-metalforming.com\/wp-content\/uploads\/2024\/06\/icone-employees.svg\" class=\"\" alt=\"\" \/>                                                <span class=\"block_icons_texts_number\">160<\/span>\r\n                    <\/figure>\r\n                    <div class=\"block_icons_texts-legend | mb-0\">\r\n                        <p>Mitarbeiter<\/p>\n                    <\/div>\r\n                <\/div>\r\n\r\n            \r\n                \r\n                <div class=\"block_icons_texts-item\">\r\n                    <figure class=\"block_icons_texts-icon | py-4\">\r\n                        <img loading=\"lazy\" decoding=\"async\" width=\"100\" height=\"111\" src=\"https:\/\/scoder-metalforming.com\/wp-content\/uploads\/2024\/06\/icons-stamping-per-year.svg\" class=\"\" alt=\"\" \/>                                                <span class=\"block_icons_texts_number\">100<\/span>\r\n                    <\/figure>\r\n                    <div class=\"block_icons_texts-legend | mb-0\">\r\n                        <p>Millionen Stanzh\u00fcbe pro Jahr<\/p>\n                    <\/div>\r\n                <\/div>\r\n\r\n            \r\n                \r\n                <div class=\"block_icons_texts-item\">\r\n                    <figure class=\"block_icons_texts-icon | py-4\">\r\n                        <img loading=\"lazy\" decoding=\"async\" width=\"86\" height=\"77\" src=\"https:\/\/scoder-metalforming.com\/wp-content\/uploads\/2024\/06\/icon-manufacturing-sites.svg\" class=\"\" alt=\"\" \/>                                                    <div class=\"flags\">\r\n                                <img loading=\"lazy\" decoding=\"async\" src=\"https:\/\/scoder-metalforming.com\/wp-content\/themes\/dmw-child\/assets\/images\/small-french-flag.svg\" class=\"flag\" width=\"32\" height=\"18\" alt=\"France\"> \r\n                                <img loading=\"lazy\" decoding=\"async\" src=\"https:\/\/scoder-metalforming.com\/wp-content\/themes\/dmw-child\/assets\/images\/small-czech-flag.svg\" class=\"flag\" width=\"32\" height=\"18\" alt=\"Czech Republic\"> \r\n                            <\/div>\r\n                                                <span class=\"block_icons_texts_number\">2<\/span>\r\n                    <\/figure>\r\n                    <div class=\"block_icons_texts-legend | mb-0\">\r\n                        <p>Produktionsst\u00e4tten<\/p>\n                    <\/div>\r\n                <\/div>\r\n\r\n            \r\n                \r\n                <div class=\"block_icons_texts-item\">\r\n                    <figure class=\"block_icons_texts-icon | py-4\">\r\n                        <img loading=\"lazy\" decoding=\"async\" width=\"106\" height=\"98\" src=\"https:\/\/scoder-metalforming.com\/wp-content\/uploads\/2024\/06\/icon-safety-regulatory.svg\" class=\"\" alt=\"\" \/>                                                <span class=\"block_icons_texts_number\">20<\/span>\r\n                    <\/figure>\r\n                    <div class=\"block_icons_texts-legend | mb-0\">\r\n                        <p>Sicherheits- und Regulierungsteile<\/p>\n                    <\/div>\r\n                <\/div>\r\n\r\n            \r\n                \r\n                <div class=\"block_icons_texts-item\">\r\n                    <figure class=\"block_icons_texts-icon | py-4\">\r\n                        <img loading=\"lazy\" decoding=\"async\" width=\"138\" height=\"101\" src=\"https:\/\/scoder-metalforming.com\/wp-content\/uploads\/2024\/06\/icon-turnover.svg\" class=\"\" alt=\"\" \/>                                                <span class=\"block_icons_texts_number\">37.2<\/span>\r\n                    <\/figure>\r\n                    <div class=\"block_icons_texts-legend | mb-0\">\r\n                        <p>Umsatz 2023<br \/>\nM\u20ac<\/p>\n                    <\/div>\r\n                <\/div>\r\n\r\n            \r\n                \r\n                <div class=\"block_icons_texts-item\">\r\n                    <figure class=\"block_icons_texts-icon | py-4\">\r\n                        <img loading=\"lazy\" decoding=\"async\" width=\"96\" height=\"96\" src=\"https:\/\/scoder-metalforming.com\/wp-content\/uploads\/2024\/06\/icon-countries-delivered.svg\" class=\"\" alt=\"\" \/>                                                <span class=\"block_icons_texts_number\">20<\/span>\r\n                    <\/figure>\r\n                    <div class=\"block_icons_texts-legend | mb-0\">\r\n                        <p>Belieferte L\u00e4nder<br \/>(4 Kontinente)<\/p>\n                    <\/div>\r\n                <\/div>\r\n\r\n                        \r\n        <\/div>\r\n    \r\n<\/div>\n<div class=\"wp-block-group is-layout-constrained wp-block-group-is-layout-constrained\" style=\"padding-top:var(--wp--preset--spacing--spacing-4);padding-bottom:var(--wp--preset--spacing--spacing-6)\">\n<div class=\"wp-block-cover is-light grid-wide\" style=\"margin-top:var(--wp--preset--spacing--spacing-5);margin-bottom:var(--wp--preset--spacing--spacing-5);padding-top:0;padding-bottom:0;min-height:50px;aspect-ratio:unset;\"><span aria-hidden=\"true\" class=\"wp-block-cover__background has-base-background-color has-background-dim-100 has-background-dim\"><\/span><div class=\"wp-block-cover__inner-container is-layout-constrained wp-block-cover-is-layout-constrained\">\n<figure class=\"wp-block-image aligncenter size-large revealer fadeInDown\"><img loading=\"lazy\" decoding=\"async\" width=\"1478\" height=\"269\" src=\"https:\/\/scoder-metalforming.com\/wp-content\/uploads\/2024\/06\/scoder-wholename-lines.svg\" alt=\"\" class=\"wp-image-836\"\/><\/figure>\n<\/div><\/div>\n\n\n\n<h2 class=\"wp-block-heading revealer fadeInDown\">Entdecken Sie auch<\/h2>\n\n\n\n<div class=\"wp-block-group discover-pages revealer fadeInDown is-content-justification-center is-layout-flex wp-container-core-group-is-layout-b02886af wp-block-group-is-layout-flex\">\n<div class=\"wp-block-group discover-page is-vertical is-content-justification-center is-layout-flex wp-container-core-group-is-layout-ce155fab wp-block-group-is-layout-flex\">\n<figure class=\"wp-block-image size-full is-resized zoomInOnHover\"><img loading=\"lazy\" decoding=\"async\" width=\"472\" height=\"290\" src=\"https:\/\/scoder-metalforming.com\/wp-content\/uploads\/2024\/07\/Industrialization-solutions.jpg\" alt=\"\" class=\"wp-image-893\" style=\"object-fit:cover;width:472px;height:290px\" srcset=\"https:\/\/scoder-metalforming.com\/wp-content\/uploads\/2024\/07\/Industrialization-solutions.jpg 472w, https:\/\/scoder-metalforming.com\/wp-content\/uploads\/2024\/07\/Industrialization-solutions-300x184.jpg 300w\" sizes=\"auto, (max-width: 472px) 100vw, 472px\" \/><\/figure>\n\n\n\n<p class=\"has-text-align-center\"><a href=\"https:\/\/scoder-metalforming.com\/de\/industrialisierungsloesungen\/\" data-type=\"page\" data-id=\"341\">Industrialisierungsl\u00f6sungen<\/a><\/p>\n<\/div>\n\n\n\n<div class=\"wp-block-group discover-page is-vertical is-content-justification-center is-layout-flex wp-container-core-group-is-layout-ce155fab wp-block-group-is-layout-flex\">\n<figure class=\"wp-block-image size-full is-resized zoomInOnHover\"><img loading=\"lazy\" decoding=\"async\" width=\"1024\" height=\"1024\" src=\"https:\/\/scoder-metalforming.com\/wp-content\/uploads\/2024\/09\/innovation.jpg\" alt=\"\" class=\"wp-image-1746\" style=\"object-fit:cover;width:472px;height:290px\" srcset=\"https:\/\/scoder-metalforming.com\/wp-content\/uploads\/2024\/09\/innovation.jpg 1024w, https:\/\/scoder-metalforming.com\/wp-content\/uploads\/2024\/09\/innovation-300x300.jpg 300w, https:\/\/scoder-metalforming.com\/wp-content\/uploads\/2024\/09\/innovation-150x150.jpg 150w, https:\/\/scoder-metalforming.com\/wp-content\/uploads\/2024\/09\/innovation-768x768.jpg 768w\" sizes=\"auto, (max-width: 1024px) 100vw, 1024px\" \/><\/figure>\n\n\n\n<p class=\"has-text-align-center\"><a href=\"https:\/\/scoder-metalforming.com\/de\/innovationen\/\" data-type=\"page\" data-id=\"354\">Innovationen<\/a><\/p>\n<\/div>\n\n\n\n<div class=\"wp-block-group discover-page is-vertical is-content-justification-center is-layout-flex wp-container-core-group-is-layout-ce155fab wp-block-group-is-layout-flex\">\n<figure class=\"wp-block-image size-full is-resized zoomInOnHover\"><img loading=\"lazy\" decoding=\"async\" width=\"472\" height=\"290\" src=\"https:\/\/scoder-metalforming.com\/wp-content\/uploads\/2024\/09\/also-discover-link-products.png\" alt=\"\" class=\"wp-image-1752\" style=\"object-fit:cover;width:472px;height:290px\" srcset=\"https:\/\/scoder-metalforming.com\/wp-content\/uploads\/2024\/09\/also-discover-link-products.png 472w, https:\/\/scoder-metalforming.com\/wp-content\/uploads\/2024\/09\/also-discover-link-products-300x184.png 300w\" sizes=\"auto, (max-width: 472px) 100vw, 472px\" \/><\/figure>\n\n\n\n<p class=\"has-text-align-center\"><a href=\"https:\/\/scoder-metalforming.com\/de\/produkte\/\" data-type=\"page\" data-id=\"356\">Produkte<\/a><\/p>\n<\/div>\n<\/div>\n<\/div>\n","protected":false},"excerpt":{"rendered":"<p>SCODER: Sieben Jahrzehnte Erfahrung in der Metallumformung SCODER ist ein Unternehmen, das sich auf hochpr\u00e4zise Metallumformung spezialisiert hat, mit 70 Jahren Erfahrung. Es geh\u00f6rt zu einer franz\u00f6sischen Industrieunternehmerfamilie, die seit 1929 etabliert ist (Familie R. Bourgeois). Wir sind stolz darauf, mit unseren gesch\u00e4tzten Kunden zusammenzuarbeiten, um innovative Fertigungsl\u00f6sungen zu entwickeln, die ihren h\u00f6chsten Anforderungen an [&hellip;]<\/p>\n","protected":false},"author":6,"featured_media":0,"parent":0,"menu_order":0,"comment_status":"closed","ping_status":"closed","template":"","meta":{"_acf_changed":false,"footnotes":""},"class_list":["post-2379","page","type-page","status-publish","hentry"],"acf":[],"_links":{"self":[{"href":"https:\/\/scoder-metalforming.com\/de\/wp-json\/wp\/v2\/pages\/2379","targetHints":{"allow":["GET"]}}],"collection":[{"href":"https:\/\/scoder-metalforming.com\/de\/wp-json\/wp\/v2\/pages"}],"about":[{"href":"https:\/\/scoder-metalforming.com\/de\/wp-json\/wp\/v2\/types\/page"}],"author":[{"embeddable":true,"href":"https:\/\/scoder-metalforming.com\/de\/wp-json\/wp\/v2\/users\/6"}],"replies":[{"embeddable":true,"href":"https:\/\/scoder-metalforming.com\/de\/wp-json\/wp\/v2\/comments?post=2379"}],"version-history":[{"count":3,"href":"https:\/\/scoder-metalforming.com\/de\/wp-json\/wp\/v2\/pages\/2379\/revisions"}],"predecessor-version":[{"id":2654,"href":"https:\/\/scoder-metalforming.com\/de\/wp-json\/wp\/v2\/pages\/2379\/revisions\/2654"}],"wp:attachment":[{"href":"https:\/\/scoder-metalforming.com\/de\/wp-json\/wp\/v2\/media?parent=2379"}],"curies":[{"name":"wp","href":"https:\/\/api.w.org\/{rel}","templated":true}]}}