{"id":1842,"date":"2024-06-05T15:09:13","date_gmt":"2024-06-05T13:09:13","guid":{"rendered":"https:\/\/scoder-metalforming.com\/qui-sommes-nous\/"},"modified":"2026-02-27T16:36:59","modified_gmt":"2026-02-27T15:36:59","slug":"qui-sommes-nous","status":"publish","type":"page","link":"https:\/\/scoder-metalforming.com\/fr\/qui-sommes-nous\/","title":{"rendered":"Qui sommes-nous"},"content":{"rendered":"\n<div class=\"wp-block-cover alignfull wp-duotone-dark-grayscale\" style=\"min-height:724px;aspect-ratio:unset;\"><img loading=\"lazy\" decoding=\"async\" width=\"2420\" height=\"1481\" class=\"wp-block-cover__image-background wp-image-2270\" alt=\"\" src=\"https:\/\/scoder-metalforming.com\/wp-content\/uploads\/2024\/11\/scoder-resized.jpg\" data-object-fit=\"cover\" srcset=\"https:\/\/scoder-metalforming.com\/wp-content\/uploads\/2024\/11\/scoder-resized.jpg 2420w, https:\/\/scoder-metalforming.com\/wp-content\/uploads\/2024\/11\/scoder-resized-300x184.jpg 300w, https:\/\/scoder-metalforming.com\/wp-content\/uploads\/2024\/11\/scoder-resized-1024x627.jpg 1024w, https:\/\/scoder-metalforming.com\/wp-content\/uploads\/2024\/11\/scoder-resized-768x470.jpg 768w, https:\/\/scoder-metalforming.com\/wp-content\/uploads\/2024\/11\/scoder-resized-1536x940.jpg 1536w, https:\/\/scoder-metalforming.com\/wp-content\/uploads\/2024\/11\/scoder-resized-2048x1253.jpg 2048w\" sizes=\"auto, (max-width: 2420px) 100vw, 2420px\" \/><span aria-hidden=\"true\" class=\"wp-block-cover__background has-noir-background-color has-background-dim-0 has-background-dim\"><\/span><div class=\"wp-block-cover__inner-container is-layout-flow wp-block-cover-is-layout-flow\">\n<figure class=\"wp-block-image aligncenter size-large\"><img loading=\"lazy\" decoding=\"async\" width=\"399\" height=\"82\" src=\"https:\/\/scoder-metalforming.com\/wp-content\/uploads\/2024\/06\/scoder-name-white.svg\" alt=\"Scoder\" class=\"wp-image-806\"\/><\/figure>\n<\/div><\/div>\n\n\n<h1 class=\"revealer fadeInLeft wp-block-post-title\">Qui sommes-nous<\/h1>\n\n<nav aria-label=\"breadcrumbs\" class=\"rank-math-breadcrumb\"><p><span class=\"last\">Home<\/span><\/p><\/nav>\n\n\n\n<h2 class=\"wp-block-heading\"><strong>SCODER: des d\u00e9cennies de passion au service de la d\u00e9coupe<\/strong> <\/h2>\n\n\n\n<p class=\"has-medium-font-size\" style=\"margin-bottom:0\">SCODER est une entreprise sp\u00e9cialis\u00e9e dans la <strong>d\u00e9coupe de pi\u00e8ces techniques de tr\u00e8s haute pr\u00e9cision<\/strong> poss\u00e9dant 70 ans d\u2019exp\u00e9riences. Elle appartient \u00e0 une famille industrielle fran\u00e7aise \u00e9tabli depuis 1929 (Famille R. Bourgeois). Nous sommes fiers de collaborer avec nos <strong>pr\u00e9cieux clients<\/strong> pour d\u00e9velopper des <strong>solutions de fabrication inspirantes<\/strong>, comp\u00e9titives et innovantes r\u00e9pondant \u00e0 leurs exigences en mati\u00e8re de <strong>s\u00e9curit\u00e9, de comp\u00e9titivit\u00e9, de durabilit\u00e9 et de stabilit\u00e9<\/strong>.  <\/p>\n\n\n\n<div style=\"height:var(--wp--preset--spacing--spacing-5)\" aria-hidden=\"true\" class=\"wp-block-spacer\"><\/div>\n\n\n\n<details class=\"wp-block-details has-primary-color has-text-color has-link-color has-medium-font-size wp-elements-7405321859fbc0fb5ce1491b1927aec9 is-layout-flow wp-block-details-is-layout-flow\" style=\"font-style:normal;font-weight:600\"><summary>Notre vision<\/summary>\n<p class=\"has-contrast-color has-text-color has-link-color has-regular-font-size wp-elements-cff9694bbd049d444fdaf65c8b81439c\" style=\"font-style:normal;font-weight:400\">Industrialiser vos projets de mani\u00e8re <strong>s\u00e9curis\u00e9e, efficace et durable<\/strong>. <\/p>\n<\/details>\n\n\n\n<details class=\"wp-block-details has-primary-color has-text-color has-link-color has-medium-font-size wp-elements-5c3a631678c498a35e8e137c7880e214 is-layout-flow wp-block-details-is-layout-flow\" style=\"font-style:normal;font-weight:600\"><summary>Notre devise<\/summary>\n<p class=\"has-contrast-color has-text-color has-link-color has-regular-font-size wp-elements-db8681e528fb8152aaab0d522f6a36ce\" style=\"font-style:normal;font-weight:400\"><strong>Precision metal forming with passion.<\/strong><\/p>\n<\/details>\n\n\n\n<details class=\"wp-block-details has-primary-color has-text-color has-link-color has-medium-font-size wp-elements-0207d4ceaec7a95636cb52391dd6d785 is-layout-flow wp-block-details-is-layout-flow\" style=\"font-style:normal;font-weight:600\"><summary>Nos Clients et Partenaires<\/summary>\n<p class=\"has-contrast-color has-text-color has-link-color has-regular-font-size wp-elements-a1ea5db81257bfcacd0a8bdd2745620c\" style=\"font-style:normal;font-weight:400\">SCODER travaille avec les <strong>plus grands OEMs mondiaux.<\/strong> <\/p>\n\n\n\n<figure data-wp-context=\"{&quot;imageId&quot;:&quot;69f2d4fc2936a&quot;}\" data-wp-interactive=\"core\/image\" data-wp-key=\"69f2d4fc2936a\" class=\"wp-block-image aligncenter size-large wp-lightbox-container\"><img loading=\"lazy\" decoding=\"async\" width=\"1024\" height=\"538\" data-wp-class--hide=\"state.isContentHidden\" data-wp-class--show=\"state.isContentVisible\" data-wp-init=\"callbacks.setButtonStyles\" data-wp-on--click=\"actions.showLightbox\" data-wp-on--load=\"callbacks.setButtonStyles\" data-wp-on-window--resize=\"callbacks.setButtonStyles\" src=\"https:\/\/scoder-metalforming.com\/wp-content\/uploads\/2024\/06\/scoder-oem-map-1024x538.png\" alt=\"Am\u00e9rique 13%, France 37%, EMEA 45%, Asie 5%\" class=\"wp-image-638\" srcset=\"https:\/\/scoder-metalforming.com\/wp-content\/uploads\/2024\/06\/scoder-oem-map-1024x538.png 1024w, https:\/\/scoder-metalforming.com\/wp-content\/uploads\/2024\/06\/scoder-oem-map-300x157.png 300w, https:\/\/scoder-metalforming.com\/wp-content\/uploads\/2024\/06\/scoder-oem-map-768x403.png 768w, https:\/\/scoder-metalforming.com\/wp-content\/uploads\/2024\/06\/scoder-oem-map.png 1183w\" sizes=\"auto, (max-width: 1024px) 100vw, 1024px\" \/><button\n\t\t\tclass=\"lightbox-trigger\"\n\t\t\ttype=\"button\"\n\t\t\taria-haspopup=\"dialog\"\n\t\t\taria-label=\"Agrandir\"\n\t\t\tdata-wp-init=\"callbacks.initTriggerButton\"\n\t\t\tdata-wp-on--click=\"actions.showLightbox\"\n\t\t\tdata-wp-style--right=\"state.imageButtonRight\"\n\t\t\tdata-wp-style--top=\"state.imageButtonTop\"\n\t\t>\n\t\t\t<svg xmlns=\"http:\/\/www.w3.org\/2000\/svg\" width=\"12\" height=\"12\" fill=\"none\" viewBox=\"0 0 12 12\">\n\t\t\t\t<path fill=\"#fff\" d=\"M2 0a2 2 0 0 0-2 2v2h1.5V2a.5.5 0 0 1 .5-.5h2V0H2Zm2 10.5H2a.5.5 0 0 1-.5-.5V8H0v2a2 2 0 0 0 2 2h2v-1.5ZM8 12v-1.5h2a.5.5 0 0 0 .5-.5V8H12v2a2 2 0 0 1-2 2H8Zm2-12a2 2 0 0 1 2 2v2h-1.5V2a.5.5 0 0 0-.5-.5H8V0h2Z\" \/>\n\t\t\t<\/svg>\n\t\t<\/button><\/figure>\n<\/details>\n\n\n\n<details class=\"wp-block-details has-primary-color has-text-color has-link-color has-medium-font-size wp-elements-010a9937a78898e13c1bb6a9bc3973e4 is-layout-flow wp-block-details-is-layout-flow\" style=\"font-style:normal;font-weight:600\"><summary>Nos utilisateurs<\/summary>\n<p class=\"has-contrast-color has-text-color has-link-color has-regular-font-size wp-elements-536197de45e7bb12ea43eab13028e95f\" style=\"font-style:normal;font-weight:400\"><strong>Vous !<\/strong> Si vous utilisez une voiture, il y a une tr\u00e8s forte probabilit\u00e9 que vous utilisiez des produits SCODER <br>Les produits SCODER sont <strong>essentiels pour une mobilit\u00e9 sure et confortable.<\/strong>  <\/p>\n<\/details>\n\n\n\n<details class=\"wp-block-details has-primary-color has-text-color has-link-color has-medium-font-size wp-elements-cb57813e7b64ea0a14ca988e0a192671 is-layout-flow wp-block-details-is-layout-flow\" style=\"font-style:normal;font-weight:600\"><summary>Nos engagements<\/summary>\n<div class=\"wp-block-columns is-layout-flex wp-container-core-columns-is-layout-28f84493 wp-block-columns-is-layout-flex\">\n<div class=\"wp-block-column is-layout-flow wp-block-column-is-layout-flow\" style=\"flex-basis:25%\">\n<p class=\"paragraph-scoder-acronym has-contrast-color has-text-color has-link-color has-regular-font-size wp-elements-443b4757088ed05eec059480e550633d\" style=\"font-style:normal;font-weight:500\"><strong>S<\/strong>afe Industrialization<br><strong>C<\/strong>ustomer first<br><strong>O<\/strong>rigami metal forming<br><strong>D<\/strong>esign and co-design<br><strong>E<\/strong>xcellence<br><strong>R<\/strong>esponsiveness<\/p>\n<\/div>\n\n\n\n<div class=\"wp-block-column is-layout-flow wp-block-column-is-layout-flow\" style=\"flex-basis:60%\">\n<div class=\"wp-block-group has-base-color has-base-background-color has-text-color has-background has-link-color wp-elements-4de3fe49972d16c681331c381e116a42 is-layout-constrained wp-container-core-group-is-layout-c3d0faaf wp-block-group-is-layout-constrained\" style=\"padding-top:0;padding-right:0;padding-bottom:0;padding-left:0;font-style:italic;font-weight:400\">\n<figure class=\"wp-block-image size-full\"><img loading=\"lazy\" decoding=\"async\" width=\"1920\" height=\"833\" src=\"https:\/\/scoder-metalforming.com\/wp-content\/uploads\/2024\/09\/ourcommitments.jpg\" alt=\"\" class=\"wp-image-1708\" srcset=\"https:\/\/scoder-metalforming.com\/wp-content\/uploads\/2024\/09\/ourcommitments.jpg 1920w, https:\/\/scoder-metalforming.com\/wp-content\/uploads\/2024\/09\/ourcommitments-300x130.jpg 300w, https:\/\/scoder-metalforming.com\/wp-content\/uploads\/2024\/09\/ourcommitments-1024x444.jpg 1024w, https:\/\/scoder-metalforming.com\/wp-content\/uploads\/2024\/09\/ourcommitments-768x333.jpg 768w, https:\/\/scoder-metalforming.com\/wp-content\/uploads\/2024\/09\/ourcommitments-1536x666.jpg 1536w\" sizes=\"auto, (max-width: 1920px) 100vw, 1920px\" \/><\/figure>\n\n\n\n<div class=\"wp-block-group d-md-block d-none is-content-justification-space-between is-layout-flex wp-container-core-group-is-layout-048f38f8 wp-block-group-is-layout-flex\" style=\"padding-top:var(--wp--preset--spacing--spacing-1);padding-right:var(--wp--preset--spacing--spacing-5);padding-bottom:0;padding-left:var(--wp--preset--spacing--spacing-5)\">\n<p class=\"has-small-font-size\" style=\"margin-top:0;margin-right:0;margin-bottom:0;margin-left:0;padding-top:0;padding-right:0;padding-bottom:0;padding-left:0\"><\/p>\n<\/div>\n<\/div>\n<\/div>\n<\/div>\n<\/details>\n\n\n\n<details class=\"wp-block-details has-primary-color has-text-color has-link-color has-medium-font-size wp-elements-386486db973e3810099db8fc522d5cb1 is-layout-flow wp-block-details-is-layout-flow\" style=\"font-style:normal;font-weight:600\"><summary>Nos implantations<\/summary>\n<div class=\"wp-block-columns is-layout-flex wp-container-core-columns-is-layout-28f84493 wp-block-columns-is-layout-flex\">\n<div class=\"wp-block-column is-layout-flow wp-block-column-is-layout-flow\" style=\"flex-basis:480px\">\n<p class=\"has-contrast-color has-text-color has-link-color has-regular-font-size wp-elements-684fbdba578ced4bf0e354c04268fb22\" style=\"font-style:normal;font-weight:400\"><img loading=\"lazy\" decoding=\"async\" width=\"32\" height=\"18\" class=\"wp-image-658\" style=\"width: 32px;\" src=\"https:\/\/scoder-metalforming.com\/wp-content\/uploads\/2024\/06\/small-french-flag.svg\" alt=\"\"> <strong>SCODER SA<\/strong><\/p>\n\n\n\n<ul style=\"font-style:normal;font-weight:400\" class=\"wp-block-list has-contrast-color has-text-color has-link-color has-regular-font-size wp-elements-781d573b157a471f772a98f413c2e4b0\">\n<li>Direction<\/li>\n\n\n\n<li>D\u00e9coupage \/ Emboutissage \/ Assemblage<\/li>\n\n\n\n<li>Bureau d\u2019\u00e9tude et atelier outillages<\/li>\n\n\n\n<li>Plateforme logistique<\/li>\n<\/ul>\n<\/div>\n\n\n\n<div class=\"wp-block-column is-layout-flow wp-block-column-is-layout-flow\" style=\"flex-basis:100%\">\n<div class=\"wp-block-group is-layout-flex wp-container-core-group-is-layout-97793590 wp-block-group-is-layout-flex\">\n<figure class=\"wp-block-image size-full is-resized\"><img loading=\"lazy\" decoding=\"async\" width=\"634\" height=\"351\" src=\"https:\/\/scoder-metalforming.com\/wp-content\/uploads\/2024\/09\/perspective.jpg\" alt=\"\" class=\"wp-image-1730\" style=\"object-fit:cover;width:317px;height:194px\" srcset=\"https:\/\/scoder-metalforming.com\/wp-content\/uploads\/2024\/09\/perspective.jpg 634w, https:\/\/scoder-metalforming.com\/wp-content\/uploads\/2024\/09\/perspective-300x166.jpg 300w\" sizes=\"auto, (max-width: 634px) 100vw, 634px\" \/><\/figure>\n\n\n\n<figure class=\"wp-block-image size-full is-resized\"><img loading=\"lazy\" decoding=\"async\" width=\"317\" height=\"194\" src=\"https:\/\/scoder-metalforming.com\/wp-content\/uploads\/2024\/07\/800-Tons-Press-Degreasing-machine.png\" alt=\"Presse de 800 tonnes - Machine de d\u00e9graissage\" class=\"wp-image-1027\" style=\"object-fit:cover;width:317px;height:194px\" srcset=\"https:\/\/scoder-metalforming.com\/wp-content\/uploads\/2024\/07\/800-Tons-Press-Degreasing-machine.png 317w, https:\/\/scoder-metalforming.com\/wp-content\/uploads\/2024\/07\/800-Tons-Press-Degreasing-machine-300x184.png 300w\" sizes=\"auto, (max-width: 317px) 100vw, 317px\" \/><\/figure>\n<\/div>\n<\/div>\n<\/div>\n\n\n\n<div class=\"wp-block-columns is-layout-flex wp-container-core-columns-is-layout-28f84493 wp-block-columns-is-layout-flex\">\n<div class=\"wp-block-column is-layout-flow wp-block-column-is-layout-flow\" style=\"flex-basis:480px\">\n<p class=\"has-contrast-color has-text-color has-link-color has-regular-font-size wp-elements-d4041fb5dbe2dbdcec58ec44129132c2\" style=\"font-style:normal;font-weight:400\"><img loading=\"lazy\" decoding=\"async\" width=\"32\" height=\"18\" class=\"wp-image-660\" style=\"width: 32px;\" src=\"https:\/\/scoder-metalforming.com\/wp-content\/uploads\/2024\/06\/small-czech-flag.svg\" alt=\"\"> <strong>SCODER CZ S.R.O<\/strong><\/p>\n\n\n\n<p class=\"has-contrast-color has-text-color has-link-color has-regular-font-size wp-elements-a9c5f0f5e52c2d371b8e52613e673194\" style=\"font-style:normal;font-weight:400\">Activit\u00e9s d\u2019assemblage:<\/p>\n\n\n\n<ul style=\"margin-top:var(--wp--preset--spacing--spacing-1);margin-bottom:var(--wp--preset--spacing--spacing-1);font-style:normal;font-weight:400\" class=\"wp-block-list has-contrast-color has-text-color has-link-color has-regular-font-size wp-elements-3c265c611d323cc7fa676c36c498fea3\">\n<li>Soudure robot<\/li>\n\n\n\n<li>M\u00e9canique<\/li>\n<\/ul>\n<\/div>\n\n\n\n<div class=\"wp-block-column is-layout-flow wp-block-column-is-layout-flow\" style=\"flex-basis:100%\">\n<div class=\"wp-block-group is-layout-flex wp-container-core-group-is-layout-97793590 wp-block-group-is-layout-flex\">\n<figure class=\"wp-block-image size-full\"><img loading=\"lazy\" decoding=\"async\" width=\"317\" height=\"194\" src=\"https:\/\/scoder-metalforming.com\/wp-content\/uploads\/2024\/07\/06.png\" alt=\"\" class=\"wp-image-888\" srcset=\"https:\/\/scoder-metalforming.com\/wp-content\/uploads\/2024\/07\/06.png 317w, https:\/\/scoder-metalforming.com\/wp-content\/uploads\/2024\/07\/06-300x184.png 300w\" sizes=\"auto, (max-width: 317px) 100vw, 317px\" \/><\/figure>\n\n\n\n<figure class=\"wp-block-image size-full is-resized\"><img loading=\"lazy\" decoding=\"async\" width=\"317\" height=\"194\" src=\"https:\/\/scoder-metalforming.com\/wp-content\/uploads\/2024\/07\/03.png\" alt=\"\" class=\"wp-image-890\" style=\"object-fit:cover;width:317px;height:194px\" srcset=\"https:\/\/scoder-metalforming.com\/wp-content\/uploads\/2024\/07\/03.png 317w, https:\/\/scoder-metalforming.com\/wp-content\/uploads\/2024\/07\/03-300x184.png 300w\" sizes=\"auto, (max-width: 317px) 100vw, 317px\" \/><\/figure>\n<\/div>\n<\/div>\n<\/div>\n<\/details>\n\n\n\n<div class=\"wp-block-buttons is-content-justification-center is-layout-flex wp-container-core-buttons-is-layout-fbd3b910 wp-block-buttons-is-layout-flex\" style=\"margin-top:var(--wp--preset--spacing--spacing-5);margin-bottom:var(--wp--preset--spacing--spacing-4)\">\n<div class=\"wp-block-button\"><a class=\"wp-block-button__link wp-element-button\" href=\"https:\/\/scoder-metalforming.com\/fr\/histoire\/\">Histoire<\/a><\/div>\n<\/div>\n\n\n\n<h2 class=\"wp-block-heading has-text-align-center\" style=\"margin-top:var(--wp--preset--spacing--spacing-5);margin-bottom:var(--wp--preset--spacing--spacing-4)\">Chiffres cl\u00e9s<\/h2>\n\n\n\r\n<div id=\"block_icons_texts-block_3de6af3591df342875e5a925308eb271\" class=\"block_icons_texts | \">\r\n\r\n            <div class=\"block_icons_texts-flex | d-flex justify-content-center align-items-start flex-wrap\">\r\n\r\n            \r\n                \r\n                <div class=\"block_icons_texts-item\">\r\n                    <figure class=\"block_icons_texts-icon | py-4\">\r\n                        <img loading=\"lazy\" decoding=\"async\" width=\"96\" height=\"99\" src=\"https:\/\/scoder-metalforming.com\/wp-content\/uploads\/2024\/06\/icone-employees.svg\" class=\"\" alt=\"\" \/>                                                <span class=\"block_icons_texts_number\">160<\/span>\r\n                    <\/figure>\r\n                    <div class=\"block_icons_texts-legend | mb-0\">\r\n                        <p>Employ\u00e9.e.s<\/p>\n                    <\/div>\r\n                <\/div>\r\n\r\n            \r\n                \r\n                <div class=\"block_icons_texts-item\">\r\n                    <figure class=\"block_icons_texts-icon | py-4\">\r\n                        <img loading=\"lazy\" decoding=\"async\" width=\"100\" height=\"111\" src=\"https:\/\/scoder-metalforming.com\/wp-content\/uploads\/2024\/06\/icons-stamping-per-year.svg\" class=\"\" alt=\"\" \/>                                                <span class=\"block_icons_texts_number\">100<\/span>\r\n                    <\/figure>\r\n                    <div class=\"block_icons_texts-legend | mb-0\">\r\n                        <p>Millions de coup presse\/an<\/p>\n                    <\/div>\r\n                <\/div>\r\n\r\n            \r\n                \r\n                <div class=\"block_icons_texts-item\">\r\n                    <figure class=\"block_icons_texts-icon | py-4\">\r\n                        <img loading=\"lazy\" decoding=\"async\" width=\"86\" height=\"77\" src=\"https:\/\/scoder-metalforming.com\/wp-content\/uploads\/2024\/06\/icon-manufacturing-sites.svg\" class=\"\" alt=\"\" \/>                                                    <div class=\"flags\">\r\n                                <img loading=\"lazy\" decoding=\"async\" src=\"https:\/\/scoder-metalforming.com\/wp-content\/themes\/dmw-child\/assets\/images\/small-french-flag.svg\" class=\"flag\" width=\"32\" height=\"18\" alt=\"France\"> \r\n                                <img loading=\"lazy\" decoding=\"async\" src=\"https:\/\/scoder-metalforming.com\/wp-content\/themes\/dmw-child\/assets\/images\/small-czech-flag.svg\" class=\"flag\" width=\"32\" height=\"18\" alt=\"Czech Republic\"> \r\n                            <\/div>\r\n                                                <span class=\"block_icons_texts_number\">2<\/span>\r\n                    <\/figure>\r\n                    <div class=\"block_icons_texts-legend | mb-0\">\r\n                        <p>Usines<\/p>\n                    <\/div>\r\n                <\/div>\r\n\r\n            \r\n                \r\n                <div class=\"block_icons_texts-item\">\r\n                    <figure class=\"block_icons_texts-icon | py-4\">\r\n                        <img loading=\"lazy\" decoding=\"async\" width=\"106\" height=\"98\" src=\"https:\/\/scoder-metalforming.com\/wp-content\/uploads\/2024\/06\/icon-safety-regulatory.svg\" class=\"\" alt=\"\" \/>                                                <span class=\"block_icons_texts_number\">20<\/span>\r\n                    <\/figure>\r\n                    <div class=\"block_icons_texts-legend | mb-0\">\r\n                        <p>Pi\u00e8ces de s\u00e9curit\u00e9 et de r\u00e9glementation<\/p>\n                    <\/div>\r\n                <\/div>\r\n\r\n            \r\n                \r\n                <div class=\"block_icons_texts-item\">\r\n                    <figure class=\"block_icons_texts-icon | py-4\">\r\n                        <img loading=\"lazy\" decoding=\"async\" width=\"138\" height=\"101\" src=\"https:\/\/scoder-metalforming.com\/wp-content\/uploads\/2024\/06\/icon-turnover.svg\" class=\"\" alt=\"\" \/>                                                <span class=\"block_icons_texts_number\">37.2<\/span>\r\n                    <\/figure>\r\n                    <div class=\"block_icons_texts-legend | mb-0\">\r\n                        <p>Chiffre d&rsquo;affaires 2023 37,2M\u20ac<\/p>\n                    <\/div>\r\n                <\/div>\r\n\r\n            \r\n                \r\n                <div class=\"block_icons_texts-item\">\r\n                    <figure class=\"block_icons_texts-icon | py-4\">\r\n                        <img loading=\"lazy\" decoding=\"async\" width=\"96\" height=\"96\" src=\"https:\/\/scoder-metalforming.com\/wp-content\/uploads\/2024\/06\/icon-countries-delivered.svg\" class=\"\" alt=\"\" \/>                                                <span class=\"block_icons_texts_number\">20<\/span>\r\n                    <\/figure>\r\n                    <div class=\"block_icons_texts-legend | mb-0\">\r\n                        <p>Pays livr\u00e9s (4 continents)<\/p>\n                    <\/div>\r\n                <\/div>\r\n\r\n                        \r\n        <\/div>\r\n    \r\n<\/div>\n\n\n<div class=\"wp-block-group is-layout-constrained wp-block-group-is-layout-constrained\" style=\"padding-top:var(--wp--preset--spacing--spacing-4);padding-bottom:var(--wp--preset--spacing--spacing-6)\">\n<div class=\"wp-block-cover is-light grid-wide\" style=\"margin-top:var(--wp--preset--spacing--spacing-5);margin-bottom:var(--wp--preset--spacing--spacing-5);padding-top:0;padding-bottom:0;min-height:50px;aspect-ratio:unset;\"><span aria-hidden=\"true\" class=\"wp-block-cover__background has-base-background-color has-background-dim-100 has-background-dim\"><\/span><div class=\"wp-block-cover__inner-container is-layout-constrained wp-block-cover-is-layout-constrained\">\n<figure class=\"wp-block-image aligncenter size-large revealer fadeInDown\"><img loading=\"lazy\" decoding=\"async\" width=\"1478\" height=\"269\" src=\"https:\/\/scoder-metalforming.com\/wp-content\/uploads\/2024\/06\/scoder-wholename-lines.svg\" alt=\"\" class=\"wp-image-836\"\/><\/figure>\n<\/div><\/div>\n\n\n\n<h2 class=\"wp-block-heading revealer fadeInDown\">D\u00e9couvrez aussi<\/h2>\n\n\n\n<div class=\"wp-block-group discover-pages revealer fadeInDown is-content-justification-center is-layout-flex wp-container-core-group-is-layout-b02886af wp-block-group-is-layout-flex\">\n<div class=\"wp-block-group discover-page is-vertical is-content-justification-center is-layout-flex wp-container-core-group-is-layout-ce155fab wp-block-group-is-layout-flex\">\n<figure class=\"wp-block-image size-full is-resized zoomInOnHover\"><img loading=\"lazy\" decoding=\"async\" width=\"472\" height=\"290\" src=\"https:\/\/scoder-metalforming.com\/wp-content\/uploads\/2024\/07\/Industrialization-solutions.jpg\" alt=\"\" class=\"wp-image-893\" style=\"object-fit:cover;width:472px;height:290px\" srcset=\"https:\/\/scoder-metalforming.com\/wp-content\/uploads\/2024\/07\/Industrialization-solutions.jpg 472w, https:\/\/scoder-metalforming.com\/wp-content\/uploads\/2024\/07\/Industrialization-solutions-300x184.jpg 300w\" sizes=\"auto, (max-width: 472px) 100vw, 472px\" \/><\/figure>\n\n\n\n<p class=\"has-text-align-center\"><a href=\"https:\/\/scoder-metalforming.com\/fr\/solutions-dindustrialisation\/\" data-type=\"page\" data-id=\"341\">Solutions d\u2019industrialisation<\/a><\/p>\n<\/div>\n\n\n\n<div class=\"wp-block-group discover-page is-vertical is-content-justification-center is-layout-flex wp-container-core-group-is-layout-ce155fab wp-block-group-is-layout-flex\">\n<figure class=\"wp-block-image size-full is-resized zoomInOnHover\"><img loading=\"lazy\" decoding=\"async\" width=\"1024\" height=\"1024\" src=\"https:\/\/scoder-metalforming.com\/wp-content\/uploads\/2024\/09\/innovation.jpg\" alt=\"\" class=\"wp-image-1746\" style=\"object-fit:cover;width:472px;height:290px\" srcset=\"https:\/\/scoder-metalforming.com\/wp-content\/uploads\/2024\/09\/innovation.jpg 1024w, https:\/\/scoder-metalforming.com\/wp-content\/uploads\/2024\/09\/innovation-300x300.jpg 300w, https:\/\/scoder-metalforming.com\/wp-content\/uploads\/2024\/09\/innovation-150x150.jpg 150w, https:\/\/scoder-metalforming.com\/wp-content\/uploads\/2024\/09\/innovation-768x768.jpg 768w\" sizes=\"auto, (max-width: 1024px) 100vw, 1024px\" \/><\/figure>\n\n\n\n<p class=\"has-text-align-center\"><a href=\"https:\/\/scoder-metalforming.com\/fr\/innovations\/\" data-type=\"page\" data-id=\"354\">Innovations<\/a><\/p>\n<\/div>\n\n\n\n<div class=\"wp-block-group discover-page is-vertical is-content-justification-center is-layout-flex wp-container-core-group-is-layout-ce155fab wp-block-group-is-layout-flex\">\n<figure class=\"wp-block-image size-full is-resized zoomInOnHover\"><img loading=\"lazy\" decoding=\"async\" width=\"472\" height=\"290\" src=\"https:\/\/scoder-metalforming.com\/wp-content\/uploads\/2024\/09\/also-discover-link-products.png\" alt=\"\" class=\"wp-image-1752\" style=\"object-fit:cover;width:472px;height:290px\" srcset=\"https:\/\/scoder-metalforming.com\/wp-content\/uploads\/2024\/09\/also-discover-link-products.png 472w, https:\/\/scoder-metalforming.com\/wp-content\/uploads\/2024\/09\/also-discover-link-products-300x184.png 300w\" sizes=\"auto, (max-width: 472px) 100vw, 472px\" \/><\/figure>\n\n\n\n<p class=\"has-text-align-center\"><a href=\"https:\/\/scoder-metalforming.com\/fr\/produits\/\" data-type=\"page\" data-id=\"356\">Produits<\/a><\/p>\n<\/div>\n<\/div>\n<\/div>\n","protected":false},"excerpt":{"rendered":"<p>SCODER: des d\u00e9cennies de passion au service de la d\u00e9coupe SCODER est une entreprise sp\u00e9cialis\u00e9e dans la d\u00e9coupe de pi\u00e8ces techniques de tr\u00e8s haute pr\u00e9cision poss\u00e9dant 70 ans d\u2019exp\u00e9riences. Elle appartient \u00e0 une famille industrielle fran\u00e7aise \u00e9tabli depuis 1929 (Famille R. Bourgeois). Nous sommes fiers de collaborer avec nos pr\u00e9cieux clients pour d\u00e9velopper des solutions [&hellip;]<\/p>\n","protected":false},"author":6,"featured_media":0,"parent":0,"menu_order":0,"comment_status":"closed","ping_status":"closed","template":"","meta":{"_acf_changed":false,"footnotes":""},"class_list":["post-1842","page","type-page","status-publish","hentry"],"acf":[],"_links":{"self":[{"href":"https:\/\/scoder-metalforming.com\/fr\/wp-json\/wp\/v2\/pages\/1842","targetHints":{"allow":["GET"]}}],"collection":[{"href":"https:\/\/scoder-metalforming.com\/fr\/wp-json\/wp\/v2\/pages"}],"about":[{"href":"https:\/\/scoder-metalforming.com\/fr\/wp-json\/wp\/v2\/types\/page"}],"author":[{"embeddable":true,"href":"https:\/\/scoder-metalforming.com\/fr\/wp-json\/wp\/v2\/users\/6"}],"replies":[{"embeddable":true,"href":"https:\/\/scoder-metalforming.com\/fr\/wp-json\/wp\/v2\/comments?post=1842"}],"version-history":[{"count":5,"href":"https:\/\/scoder-metalforming.com\/fr\/wp-json\/wp\/v2\/pages\/1842\/revisions"}],"predecessor-version":[{"id":2653,"href":"https:\/\/scoder-metalforming.com\/fr\/wp-json\/wp\/v2\/pages\/1842\/revisions\/2653"}],"wp:attachment":[{"href":"https:\/\/scoder-metalforming.com\/fr\/wp-json\/wp\/v2\/media?parent=1842"}],"curies":[{"name":"wp","href":"https:\/\/api.w.org\/{rel}","templated":true}]}}