{"id":1850,"date":"2024-06-05T15:09:37","date_gmt":"2024-06-05T13:09:37","guid":{"rendered":"https:\/\/scoder-metalforming.com\/histoire\/"},"modified":"2026-02-27T16:34:46","modified_gmt":"2026-02-27T15:34:46","slug":"histoire","status":"publish","type":"page","link":"https:\/\/scoder-metalforming.com\/fr\/histoire\/","title":{"rendered":"Histoire"},"content":{"rendered":"\n<div class=\"wp-block-cover alignfull wp-duotone-dark-grayscale\" style=\"min-height:724px;aspect-ratio:unset;\"><img loading=\"lazy\" decoding=\"async\" width=\"1920\" height=\"724\" class=\"wp-block-cover__image-background wp-image-1591\" alt=\"\" src=\"https:\/\/scoder-metalforming.com\/wp-content\/uploads\/2024\/09\/history-1.jpg\" data-object-fit=\"cover\" srcset=\"https:\/\/scoder-metalforming.com\/wp-content\/uploads\/2024\/09\/history-1.jpg 1920w, https:\/\/scoder-metalforming.com\/wp-content\/uploads\/2024\/09\/history-1-300x113.jpg 300w, https:\/\/scoder-metalforming.com\/wp-content\/uploads\/2024\/09\/history-1-1024x386.jpg 1024w, https:\/\/scoder-metalforming.com\/wp-content\/uploads\/2024\/09\/history-1-768x290.jpg 768w, https:\/\/scoder-metalforming.com\/wp-content\/uploads\/2024\/09\/history-1-1536x579.jpg 1536w\" sizes=\"auto, (max-width: 1920px) 100vw, 1920px\" \/><span aria-hidden=\"true\" class=\"wp-block-cover__background has-noir-background-color has-background-dim-0 has-background-dim\"><\/span><div class=\"wp-block-cover__inner-container is-layout-flow wp-block-cover-is-layout-flow\">\n<figure class=\"wp-block-image aligncenter size-large\"><img loading=\"lazy\" decoding=\"async\" width=\"399\" height=\"82\" src=\"https:\/\/scoder-metalforming.com\/wp-content\/uploads\/2024\/06\/scoder-name-white.svg\" alt=\"Scoder\" class=\"wp-image-806\"\/><\/figure>\n<\/div><\/div>\n\n\n\n<h1 class=\"wp-block-heading revealer fadeInLeft\">Notre histoire<\/h1>\n\n\n<nav aria-label=\"breadcrumbs\" class=\"rank-math-breadcrumb\"><p><span class=\"last\">Home<\/span><\/p><\/nav>\n\n\n\n<ul id=\"block_history-block_fbef015d8d83a56f6a91278c64c2ef6f\" class=\"block_history |  mt-lg-4\">\n                                    <details class=\"wp-block-details history_details\" >\n                <summary class=\"history_details-summary | has-large-font-size fw-semibold\">\n                    <span class=\"history_details-date\">1954 \u2013 1987<\/span>\n                    <span class=\"history_details-title\">Cr\u00e9ation de SCODER et d\u00e9veloppement d\u2019un savoir faire<\/span>\n                <\/summary>\n                <div class=\"history_details-content\">\n                    <img loading=\"lazy\" decoding=\"async\" width=\"800\" height=\"578\" src=\"https:\/\/scoder-metalforming.com\/wp-content\/uploads\/2024\/07\/1954-_1987_resized.jpg\" class=\"attachment-large size-large\" alt=\"\" srcset=\"https:\/\/scoder-metalforming.com\/wp-content\/uploads\/2024\/07\/1954-_1987_resized.jpg 1024w, https:\/\/scoder-metalforming.com\/wp-content\/uploads\/2024\/07\/1954-_1987_resized-300x217.jpg 300w, https:\/\/scoder-metalforming.com\/wp-content\/uploads\/2024\/07\/1954-_1987_resized-768x555.jpg 768w\" sizes=\"auto, (max-width: 800px) 100vw, 800px\" \/>                    <div class=\"history_details-text\">\n                        <p>SCODER est cr\u00e9\u00e9 en 1954 et industrialise des m\u00e9thodes et des<strong> outils de fabrication innovants au service de la transformation des m\u00e9taux.<\/strong><\/p>\n                    <\/div>\n                <\/div>\n            <\/details>\n\n                                <details class=\"wp-block-details history_details\" >\n                <summary class=\"history_details-summary | has-large-font-size fw-semibold\">\n                    <span class=\"history_details-date\">1988<\/span>\n                    <span class=\"history_details-title\">Nouveau propri\u00e9taire\u202f: Famille R. Bourgeois<\/span>\n                <\/summary>\n                <div class=\"history_details-content\">\n                    <img loading=\"lazy\" decoding=\"async\" width=\"136\" height=\"28\" src=\"https:\/\/scoder-metalforming.com\/wp-content\/uploads\/2024\/06\/scoder-logo.svg\" class=\"attachment-large size-large\" alt=\"\" \/>                    <div class=\"history_details-text\">\n                        <p>En 1988, la famille de <strong>Madame et Monsieur Bourgeois et leurs enfants<\/strong>, acquiert SCODER.<\/p>\n                    <\/div>\n                <\/div>\n            <\/details>\n\n                                <details class=\"wp-block-details history_details\" >\n                <summary class=\"history_details-summary | has-large-font-size fw-semibold\">\n                    <span class=\"history_details-date\">1988 \u2013 1997<\/span>\n                    <span class=\"history_details-title\">Nouvelle vision industrielle pour pr\u00e9parer l\u2019avenir<\/span>\n                <\/summary>\n                <div class=\"history_details-content\">\n                    <img loading=\"lazy\" decoding=\"async\" width=\"800\" height=\"659\" src=\"https:\/\/scoder-metalforming.com\/wp-content\/uploads\/2024\/09\/scoder_New_industrial_vision_to_prepare_future_activities.jpg\" class=\"attachment-large size-large\" alt=\"Scoder\" srcset=\"https:\/\/scoder-metalforming.com\/wp-content\/uploads\/2024\/09\/scoder_New_industrial_vision_to_prepare_future_activities.jpg 1024w, https:\/\/scoder-metalforming.com\/wp-content\/uploads\/2024\/09\/scoder_New_industrial_vision_to_prepare_future_activities-300x247.jpg 300w, https:\/\/scoder-metalforming.com\/wp-content\/uploads\/2024\/09\/scoder_New_industrial_vision_to_prepare_future_activities-768x632.jpg 768w\" sizes=\"auto, (max-width: 800px) 100vw, 800px\" \/>                    <div class=\"history_details-text\">\n                        <p>Les nouveaux dirigeants apportent \u00e0 SCODER une nouvelle vision industrielle bas\u00e9e sur le <strong>long terme et autorisent des capacit\u00e9s d\u2019investissement<\/strong> importantes. Les priorit\u00e9s sont de renforcer les standards de production et de qualit\u00e9 pour se d\u00e9velopper sur de <strong>nouveaux march\u00e9s internationaux<\/strong>.<\/p>\n                    <\/div>\n                <\/div>\n            <\/details>\n\n                                <details class=\"wp-block-details history_details\" >\n                <summary class=\"history_details-summary | has-large-font-size fw-semibold\">\n                    <span class=\"history_details-date\">1998 \u2013 2004<\/span>\n                    <span class=\"history_details-title\">Nouvelle usine &#8211; Investissement pour la haute pr\u00e9cision &#8211; Pi\u00e8ces de S\u00e9curit\u00e9 et de R\u00e8glementation<\/span>\n                <\/summary>\n                <div class=\"history_details-content\">\n                    <img loading=\"lazy\" decoding=\"async\" width=\"800\" height=\"541\" src=\"https:\/\/scoder-metalforming.com\/wp-content\/uploads\/2024\/09\/Stamping-Manufacturing-2004.jpg\" class=\"attachment-large size-large\" alt=\"Stamping manuf\" srcset=\"https:\/\/scoder-metalforming.com\/wp-content\/uploads\/2024\/09\/Stamping-Manufacturing-2004.jpg 1024w, https:\/\/scoder-metalforming.com\/wp-content\/uploads\/2024\/09\/Stamping-Manufacturing-2004-300x203.jpg 300w, https:\/\/scoder-metalforming.com\/wp-content\/uploads\/2024\/09\/Stamping-Manufacturing-2004-768x519.jpg 768w\" sizes=\"auto, (max-width: 800px) 100vw, 800px\" \/>                    <div class=\"history_details-text\">\n                        <p>En 1998, SCODER s\u2019implante dans de nouveaux locaux et lance une nouvelle et importante p\u00e9riode d\u2019investissement pour obtenir des <strong>capacit\u00e9s de production compatibles avec la fabrication de pi\u00e8ces de haute pr\u00e9cision<\/strong> (<strong>pi\u00e8ces de s\u00e9curit\u00e9 et r\u00e9glementations<\/strong>).<\/p>\n                    <\/div>\n                <\/div>\n            <\/details>\n\n                                <details class=\"wp-block-details history_details\" >\n                <summary class=\"history_details-summary | has-large-font-size fw-semibold\">\n                    <span class=\"history_details-date\">Depuis 2005<\/span>\n                    <span class=\"history_details-title\"> Soudure \u2013 Renforcement des savoir-faire \u2013 Usine en R\u00e9publique Tch\u00e8que<\/span>\n                <\/summary>\n                <div class=\"history_details-content\">\n                    <img loading=\"lazy\" decoding=\"async\" width=\"400\" height=\"335\" src=\"https:\/\/scoder-metalforming.com\/wp-content\/uploads\/2024\/07\/colonne-T7_resized.jpg\" class=\"attachment-large size-large\" alt=\"Colonne T7\" srcset=\"https:\/\/scoder-metalforming.com\/wp-content\/uploads\/2024\/07\/colonne-T7_resized.jpg 400w, https:\/\/scoder-metalforming.com\/wp-content\/uploads\/2024\/07\/colonne-T7_resized-300x251.jpg 300w\" sizes=\"auto, (max-width: 400px) 100vw, 400px\" \/>                    <div class=\"history_details-text\">\n                        <p>SCODER accro\u00eet son <strong>expertise <\/strong>en d\u00e9coupage par la cr\u00e9ation d\u2019<strong>unit\u00e9s d\u2019assemblage<\/strong> sur son site fran\u00e7ais. En parall\u00e8le, SCODER fonde en R\u00e9publique Tch\u00e8que en 2005, <strong>Scoder CZ s.r.o.<\/strong> pour r\u00e9aliser des op\u00e9rations d\u2019assemblage de composants par <strong>soudure robotique<\/strong>. Par la suite, pour couvrir la demande croissante et les besoins de ses nouveaux clients, l\u2019usine fran\u00e7aise continuera de s\u2019agrandir et une plateforme logistique d\u00e9di\u00e9e est cr\u00e9\u00e9e.<\/p>\n                    <\/div>\n                <\/div>\n            <\/details>\n\n                                <details class=\"wp-block-details history_details\" open>\n                <summary class=\"history_details-summary | has-large-font-size fw-semibold\">\n                    <span class=\"history_details-date\">2015 \u2013 Aujourd&#039;hui<\/span>\n                    <span class=\"history_details-title\">Pi\u00e8ces de tr\u00e8s haute pr\u00e9cision\u202f: les r\u00e9ponses de SCODER aux d\u00e9fis de suret\u00e9 d\u2019utilisation, de durabilit\u00e9 et de conception au juste co\u00fbt<\/span>\n                <\/summary>\n                <div class=\"history_details-content\">\n                    <img loading=\"lazy\" decoding=\"async\" width=\"800\" height=\"936\" src=\"https:\/\/scoder-metalforming.com\/wp-content\/uploads\/2024\/09\/Ultra-precise-servo-press-1200-tons-Stamping-Metal-forming-Safety-parts-Precision-875x1024.jpg\" class=\"attachment-large size-large\" alt=\"Ultra precise servo press 1200 tons - Stamping\" srcset=\"https:\/\/scoder-metalforming.com\/wp-content\/uploads\/2024\/09\/Ultra-precise-servo-press-1200-tons-Stamping-Metal-forming-Safety-parts-Precision-875x1024.jpg 875w, https:\/\/scoder-metalforming.com\/wp-content\/uploads\/2024\/09\/Ultra-precise-servo-press-1200-tons-Stamping-Metal-forming-Safety-parts-Precision-256x300.jpg 256w, https:\/\/scoder-metalforming.com\/wp-content\/uploads\/2024\/09\/Ultra-precise-servo-press-1200-tons-Stamping-Metal-forming-Safety-parts-Precision-768x899.jpg 768w, https:\/\/scoder-metalforming.com\/wp-content\/uploads\/2024\/09\/Ultra-precise-servo-press-1200-tons-Stamping-Metal-forming-Safety-parts-Precision.jpg 1024w\" sizes=\"auto, (max-width: 800px) 100vw, 800px\" \/>                    <div class=\"history_details-text\">\n                        <p>S&rsquo;appuyant sur des investissements technologiques innovants de tr\u00e8s haute pr\u00e9cision, Scoder accro\u00eet en permanence ses connaissances pour concevoir et fabriquer en interne des <strong>outillages performants<\/strong> \u00e0 longue dur\u00e9e de vie pour fournir des pi\u00e8ces de tr\u00e8s haute pr\u00e9cision \u00e0 ses clients du monde entier. En cinq ans, SCODER acquiert trois nouvelles <strong>presses servo ultra pr\u00e9cises de derni\u00e8res g\u00e9n\u00e9rations (400\/800\/1200 tonnes)<\/strong> pour <strong>anticiper <\/strong>les besoins des march\u00e9s nouveaux et futurs.<br \/>\nEn 2018, associ\u00e9 \u00e0 la passion et aux savoir-faire des \u00e9quipes SCODER, leur grande expertise des mat\u00e9riaux, notre programme d\u2019Industrie du futur (<strong>Prognostics and Health Management programs<\/strong>) est lanc\u00e9 pour servir la <strong>strat\u00e9gie du z\u00e9ro d\u00e9faut<\/strong>.<br \/>\nR\u00e9compens\u00e9s par la <strong>confiance, l&rsquo;expertise et les partenariats \u00e0 long terme de nos clients<\/strong>, nous sommes fiers de poursuivre cette strat\u00e9gie ambitieuse pour \u00eatre en mesure de r\u00e9pondre aux exigences les plus intenses en mati\u00e8re de <strong>suret\u00e9 d\u2019utilisation, de durabilit\u00e9 et de conception au co\u00fbt juste<\/strong>.<\/p>\n                    <\/div>\n                <\/div>\n            <\/details>\n\n            <\/ul>\t\n\n\n<div class=\"wp-block-buttons is-content-justification-center is-layout-flex wp-container-core-buttons-is-layout-fbd3b910 wp-block-buttons-is-layout-flex\" style=\"margin-top:var(--wp--preset--spacing--spacing-5);margin-bottom:var(--wp--preset--spacing--spacing-4)\">\n<div class=\"wp-block-button\"><a class=\"wp-block-button__link wp-element-button\" href=\"https:\/\/scoder-metalforming.com\/fr\/qui-sommes-nous\/\">Qui sommes-nous<\/a><\/div>\n<\/div>\n\n\n\n<div class=\"wp-block-group is-layout-constrained wp-block-group-is-layout-constrained\" style=\"padding-top:var(--wp--preset--spacing--spacing-4);padding-bottom:var(--wp--preset--spacing--spacing-6)\">\n<div class=\"wp-block-cover is-light grid-wide\" style=\"margin-top:var(--wp--preset--spacing--spacing-5);margin-bottom:var(--wp--preset--spacing--spacing-5);padding-top:0;padding-bottom:0;min-height:50px;aspect-ratio:unset;\"><span aria-hidden=\"true\" class=\"wp-block-cover__background has-base-background-color has-background-dim-100 has-background-dim\"><\/span><div class=\"wp-block-cover__inner-container is-layout-constrained wp-block-cover-is-layout-constrained\">\n<figure class=\"wp-block-image aligncenter size-large revealer fadeInDown\"><img loading=\"lazy\" decoding=\"async\" width=\"1478\" height=\"269\" src=\"https:\/\/scoder-metalforming.com\/wp-content\/uploads\/2024\/06\/scoder-wholename-lines.svg\" alt=\"\" class=\"wp-image-836\"\/><\/figure>\n<\/div><\/div>\n\n\n\n<h2 class=\"wp-block-heading revealer fadeInDown\">D\u00e9couvrez aussi<\/h2>\n\n\n\n<div class=\"wp-block-group discover-pages revealer fadeInDown is-content-justification-center is-layout-flex wp-container-core-group-is-layout-b02886af wp-block-group-is-layout-flex\">\n<div class=\"wp-block-group discover-page is-vertical is-content-justification-center is-layout-flex wp-container-core-group-is-layout-ce155fab wp-block-group-is-layout-flex\">\n<figure class=\"wp-block-image size-full is-resized zoomInOnHover\"><img loading=\"lazy\" decoding=\"async\" width=\"472\" height=\"290\" src=\"https:\/\/scoder-metalforming.com\/wp-content\/uploads\/2024\/07\/Industrialization-solutions.jpg\" alt=\"\" class=\"wp-image-893\" style=\"object-fit:cover;width:472px;height:290px\" srcset=\"https:\/\/scoder-metalforming.com\/wp-content\/uploads\/2024\/07\/Industrialization-solutions.jpg 472w, https:\/\/scoder-metalforming.com\/wp-content\/uploads\/2024\/07\/Industrialization-solutions-300x184.jpg 300w\" sizes=\"auto, (max-width: 472px) 100vw, 472px\" \/><\/figure>\n\n\n\n<p class=\"has-text-align-center\"><a href=\"https:\/\/scoder-metalforming.com\/fr\/solutions-dindustrialisation\/\" data-type=\"page\" data-id=\"341\">Solutions d\u2019industrialisation<\/a><\/p>\n<\/div>\n\n\n\n<div class=\"wp-block-group discover-page is-vertical is-content-justification-center is-layout-flex wp-container-core-group-is-layout-ce155fab wp-block-group-is-layout-flex\">\n<figure class=\"wp-block-image size-full is-resized zoomInOnHover\"><img loading=\"lazy\" decoding=\"async\" width=\"1024\" height=\"1024\" src=\"https:\/\/scoder-metalforming.com\/wp-content\/uploads\/2024\/09\/innovation.jpg\" alt=\"\" class=\"wp-image-1746\" style=\"object-fit:cover;width:472px;height:290px\" srcset=\"https:\/\/scoder-metalforming.com\/wp-content\/uploads\/2024\/09\/innovation.jpg 1024w, https:\/\/scoder-metalforming.com\/wp-content\/uploads\/2024\/09\/innovation-300x300.jpg 300w, https:\/\/scoder-metalforming.com\/wp-content\/uploads\/2024\/09\/innovation-150x150.jpg 150w, https:\/\/scoder-metalforming.com\/wp-content\/uploads\/2024\/09\/innovation-768x768.jpg 768w\" sizes=\"auto, (max-width: 1024px) 100vw, 1024px\" \/><\/figure>\n\n\n\n<p class=\"has-text-align-center\"><a href=\"https:\/\/scoder-metalforming.com\/fr\/innovations\/\" data-type=\"page\" data-id=\"354\">Innovations<\/a><\/p>\n<\/div>\n\n\n\n<div class=\"wp-block-group discover-page is-vertical is-content-justification-center is-layout-flex wp-container-core-group-is-layout-ce155fab wp-block-group-is-layout-flex\">\n<figure class=\"wp-block-image size-full is-resized zoomInOnHover\"><img loading=\"lazy\" decoding=\"async\" width=\"472\" height=\"290\" src=\"https:\/\/scoder-metalforming.com\/wp-content\/uploads\/2024\/09\/also-discover-link-products.png\" alt=\"\" class=\"wp-image-1752\" style=\"object-fit:cover;width:472px;height:290px\" srcset=\"https:\/\/scoder-metalforming.com\/wp-content\/uploads\/2024\/09\/also-discover-link-products.png 472w, https:\/\/scoder-metalforming.com\/wp-content\/uploads\/2024\/09\/also-discover-link-products-300x184.png 300w\" sizes=\"auto, (max-width: 472px) 100vw, 472px\" \/><\/figure>\n\n\n\n<p class=\"has-text-align-center\"><a href=\"https:\/\/scoder-metalforming.com\/fr\/produits\/\" data-type=\"page\" data-id=\"356\">Produits<\/a><\/p>\n<\/div>\n<\/div>\n<\/div>\n","protected":false},"excerpt":{"rendered":"<p>Notre histoire<\/p>\n","protected":false},"author":6,"featured_media":0,"parent":0,"menu_order":0,"comment_status":"closed","ping_status":"closed","template":"","meta":{"_acf_changed":false,"footnotes":""},"class_list":["post-1850","page","type-page","status-publish","hentry"],"acf":[],"_links":{"self":[{"href":"https:\/\/scoder-metalforming.com\/fr\/wp-json\/wp\/v2\/pages\/1850","targetHints":{"allow":["GET"]}}],"collection":[{"href":"https:\/\/scoder-metalforming.com\/fr\/wp-json\/wp\/v2\/pages"}],"about":[{"href":"https:\/\/scoder-metalforming.com\/fr\/wp-json\/wp\/v2\/types\/page"}],"author":[{"embeddable":true,"href":"https:\/\/scoder-metalforming.com\/fr\/wp-json\/wp\/v2\/users\/6"}],"replies":[{"embeddable":true,"href":"https:\/\/scoder-metalforming.com\/fr\/wp-json\/wp\/v2\/comments?post=1850"}],"version-history":[{"count":4,"href":"https:\/\/scoder-metalforming.com\/fr\/wp-json\/wp\/v2\/pages\/1850\/revisions"}],"predecessor-version":[{"id":2651,"href":"https:\/\/scoder-metalforming.com\/fr\/wp-json\/wp\/v2\/pages\/1850\/revisions\/2651"}],"wp:attachment":[{"href":"https:\/\/scoder-metalforming.com\/fr\/wp-json\/wp\/v2\/media?parent=1850"}],"curies":[{"name":"wp","href":"https:\/\/api.w.org\/{rel}","templated":true}]}}