{"id":1852,"date":"2024-06-05T15:09:54","date_gmt":"2024-06-05T13:09:54","guid":{"rendered":"https:\/\/scoder-metalforming.com\/solutions-dindustrialisation\/"},"modified":"2025-05-28T13:47:47","modified_gmt":"2025-05-28T11:47:47","slug":"solutions-dindustrialisation","status":"publish","type":"page","link":"https:\/\/scoder-metalforming.com\/fr\/solutions-dindustrialisation\/","title":{"rendered":"Solutions d\u2019industrialisation"},"content":{"rendered":"\n<div class=\"wp-block-cover alignfull\" style=\"min-height:724px;aspect-ratio:unset;\"><span aria-hidden=\"true\" class=\"wp-block-cover__background has-noir-background-color has-background-dim-0 has-background-dim\"><\/span><img loading=\"lazy\" decoding=\"async\" width=\"1920\" height=\"724\" class=\"wp-block-cover__image-background wp-image-685\" alt=\"\" src=\"https:\/\/scoder-metalforming.com\/wp-content\/uploads\/2024\/06\/slide_industrializationsolutiuons2.jpg\" data-object-fit=\"cover\" srcset=\"https:\/\/scoder-metalforming.com\/wp-content\/uploads\/2024\/06\/slide_industrializationsolutiuons2.jpg 1920w, https:\/\/scoder-metalforming.com\/wp-content\/uploads\/2024\/06\/slide_industrializationsolutiuons2-300x113.jpg 300w, https:\/\/scoder-metalforming.com\/wp-content\/uploads\/2024\/06\/slide_industrializationsolutiuons2-1024x386.jpg 1024w, https:\/\/scoder-metalforming.com\/wp-content\/uploads\/2024\/06\/slide_industrializationsolutiuons2-768x290.jpg 768w, https:\/\/scoder-metalforming.com\/wp-content\/uploads\/2024\/06\/slide_industrializationsolutiuons2-1536x579.jpg 1536w\" sizes=\"auto, (max-width: 1920px) 100vw, 1920px\" \/><div class=\"wp-block-cover__inner-container is-layout-flow wp-block-cover-is-layout-flow\">\n<figure class=\"wp-block-image aligncenter size-large\"><img loading=\"lazy\" decoding=\"async\" width=\"399\" height=\"82\" src=\"https:\/\/scoder-metalforming.com\/wp-content\/uploads\/2024\/06\/scoder-name-white.svg\" alt=\"Scoder\" class=\"wp-image-806\"\/><\/figure>\n<\/div><\/div>\n<h1 class=\"revealer fadeInLeft wp-block-post-title\">Solutions d\u2019industrialisation<\/h1><nav aria-label=\"breadcrumbs\" class=\"rank-math-breadcrumb\"><p><span class=\"last\">Home<\/span><\/p><\/nav>\n\n<h2 class=\"wp-block-heading\"><br\/><strong>Des processus pour garantir une industrialisation sure, efficace et eco-responsable<\/strong><\/h2>\n\n<p>Avec sept d\u00e9cennies d&rsquo;expertise dans le domaine du formage des <strong>m\u00e9taux<\/strong>, SCODER et ses \u00e9quipes ont acquis des <strong>comp\u00e9tences uniques en mati\u00e8re de formage et d&rsquo;assemblage des m\u00e9taux<\/strong>. Nous sommes convaincus que nos <strong>connaissances et notre passion, associ\u00e9es \u00e0 la confiance de nos clients<\/strong>, nous permettent de r\u00e9pondre aux exigences les plus \u00e9lev\u00e9es en mati\u00e8re de <strong>s\u00e9curit\u00e9, de durabilit\u00e9 et de conception rentable<\/strong> pour relever les d\u00e9fis du monde actuel.   <\/p>\n\n<div style=\"height:var(--wp--preset--spacing--spacing-4)\" aria-hidden=\"true\" class=\"wp-block-spacer\"><\/div>\n\n<div class=\"wp-block-buttons is-layout-flex wp-block-buttons-is-layout-flex\">\n<div class=\"wp-block-button has-custom-width wp-block-button__width-25\"><a class=\"wp-block-button__link wp-element-button\" href=\"https:\/\/scoder-metalforming.com\/fr\/solutions-dindustrialisation\/industrialisation\/\">Industrialisation<\/a><\/div>\n\n\n\n<div class=\"wp-block-button has-custom-width wp-block-button__width-25\"><a class=\"wp-block-button__link wp-element-button\" href=\"https:\/\/scoder-metalforming.com\/fr\/solutions-dindustrialisation\/expertise-outillage\/\">Expertise outillage<\/a><\/div>\n\n\n\n<div class=\"wp-block-button has-custom-width wp-block-button__width-25\"><a class=\"wp-block-button__link wp-element-button\" href=\"https:\/\/scoder-metalforming.com\/fr\/solutions-dindustrialisation\/assistance-relocalisation-doutillage\/\">Assistance Relocalisation Outillage<\/a><\/div>\n\n\n\n<div class=\"wp-block-button has-custom-width wp-block-button__width-25\"><a class=\"wp-block-button__link wp-element-button\" href=\"https:\/\/scoder-metalforming.com\/fr\/solutions-dindustrialisation\/scodesign\/\">Scodesign<\/a><\/div>\n<\/div>\n\n<div style=\"height:100px\" aria-hidden=\"true\" class=\"wp-block-spacer\"><\/div>\n\n<div class=\"wp-block-group is-layout-constrained wp-block-group-is-layout-constrained\" style=\"padding-top:var(--wp--preset--spacing--spacing-4);padding-bottom:var(--wp--preset--spacing--spacing-6)\">\n<div class=\"wp-block-cover is-light grid-wide\" style=\"margin-top:var(--wp--preset--spacing--spacing-5);margin-bottom:var(--wp--preset--spacing--spacing-5);padding-top:0;padding-bottom:0;min-height:50px;aspect-ratio:unset;\"><span aria-hidden=\"true\" class=\"wp-block-cover__background has-base-background-color has-background-dim-100 has-background-dim\"><\/span><div class=\"wp-block-cover__inner-container is-layout-constrained wp-block-cover-is-layout-constrained\">\n<figure class=\"wp-block-image aligncenter size-large revealer fadeInDown\"><img loading=\"lazy\" decoding=\"async\" width=\"1478\" height=\"269\" src=\"https:\/\/scoder-metalforming.com\/wp-content\/uploads\/2024\/06\/scoder-wholename-lines.svg\" alt=\"\" class=\"wp-image-836\"\/><\/figure>\n\n\n\n<p class=\"has-text-align-center revealer fadeInDown has-primary-color has-text-color has-link-color has-x-large-font-size wp-elements-edae496a776771774fbbbfcedc73b20d\" style=\"margin-top:0;margin-bottom:0;font-style:normal;font-weight:600;line-height:1.2\">\u201cFiers de contribuer \u00e0 une mobilit\u00e9 plus s\u00fbre, plus \u00e9cologique et plus durable\u201d<\/p>\n<\/div><\/div>\n\n\n\n<h2 class=\"wp-block-heading revealer fadeInDown\">D\u00e9couvrez aussi<\/h2>\n\n\n\n<div class=\"wp-block-group discover-pages revealer fadeInDown is-content-justification-center is-layout-flex wp-container-core-group-is-layout-b02886af wp-block-group-is-layout-flex\">\n<div class=\"wp-block-group discover-page is-vertical is-content-justification-center is-layout-flex wp-container-core-group-is-layout-ce155fab wp-block-group-is-layout-flex\">\n<figure class=\"wp-block-image size-full is-resized zoomInOnHover\"><img loading=\"lazy\" decoding=\"async\" width=\"1200\" height=\"800\" src=\"https:\/\/scoder-metalforming.com\/wp-content\/uploads\/2024\/09\/who_are_we_scoder.jpg\" alt=\"\" class=\"wp-image-1936\" style=\"object-fit:cover;width:472px;height:290px\" srcset=\"https:\/\/scoder-metalforming.com\/wp-content\/uploads\/2024\/09\/who_are_we_scoder.jpg 1200w, https:\/\/scoder-metalforming.com\/wp-content\/uploads\/2024\/09\/who_are_we_scoder-300x200.jpg 300w, https:\/\/scoder-metalforming.com\/wp-content\/uploads\/2024\/09\/who_are_we_scoder-1024x683.jpg 1024w, https:\/\/scoder-metalforming.com\/wp-content\/uploads\/2024\/09\/who_are_we_scoder-768x512.jpg 768w\" sizes=\"auto, (max-width: 1200px) 100vw, 1200px\" \/><\/figure>\n\n\n\n<p class=\"has-text-align-center\"><a href=\"https:\/\/scoder-metalforming.com\/fr\/qui-sommes-nous\/\" data-type=\"page\" data-id=\"337\"><\/a><a href=\"https:\/\/scoder-metalforming.com\/fr\/qui-sommes-nous\/\">\u00c0 propos<\/a><\/p>\n<\/div>\n\n\n\n<div class=\"wp-block-group discover-page is-vertical is-content-justification-center is-layout-flex wp-container-core-group-is-layout-ce155fab wp-block-group-is-layout-flex\">\n<figure class=\"wp-block-image size-full is-resized zoomInOnHover\"><img loading=\"lazy\" decoding=\"async\" width=\"1024\" height=\"1024\" src=\"https:\/\/scoder-metalforming.com\/wp-content\/uploads\/2024\/09\/innovation.jpg\" alt=\"\" class=\"wp-image-1746\" style=\"object-fit:cover;width:472px;height:290px\" srcset=\"https:\/\/scoder-metalforming.com\/wp-content\/uploads\/2024\/09\/innovation.jpg 1024w, https:\/\/scoder-metalforming.com\/wp-content\/uploads\/2024\/09\/innovation-300x300.jpg 300w, https:\/\/scoder-metalforming.com\/wp-content\/uploads\/2024\/09\/innovation-150x150.jpg 150w, https:\/\/scoder-metalforming.com\/wp-content\/uploads\/2024\/09\/innovation-768x768.jpg 768w\" sizes=\"auto, (max-width: 1024px) 100vw, 1024px\" \/><\/figure>\n\n\n\n<p class=\"has-text-align-center\"><a href=\"https:\/\/scoder-metalforming.com\/fr\/innovations\/\" data-type=\"page\" data-id=\"354\">Innovations<\/a><\/p>\n<\/div>\n\n\n\n<div class=\"wp-block-group discover-page is-vertical is-content-justification-center is-layout-flex wp-container-core-group-is-layout-ce155fab wp-block-group-is-layout-flex\">\n<figure class=\"wp-block-image size-full is-resized zoomInOnHover\"><img loading=\"lazy\" decoding=\"async\" width=\"472\" height=\"290\" src=\"https:\/\/scoder-metalforming.com\/wp-content\/uploads\/2024\/09\/also-discover-link-products.png\" alt=\"\" class=\"wp-image-1752\" style=\"object-fit:cover;width:472px;height:290px\" srcset=\"https:\/\/scoder-metalforming.com\/wp-content\/uploads\/2024\/09\/also-discover-link-products.png 472w, https:\/\/scoder-metalforming.com\/wp-content\/uploads\/2024\/09\/also-discover-link-products-300x184.png 300w\" sizes=\"auto, (max-width: 472px) 100vw, 472px\" \/><\/figure>\n\n\n\n<p class=\"has-text-align-center\"><a href=\"https:\/\/scoder-metalforming.com\/fr\/produits\/\" data-type=\"page\" data-id=\"356\">Produits<\/a><\/p>\n<\/div>\n<\/div>\n<\/div>\n","protected":false},"excerpt":{"rendered":"<p>Des processus pour garantir une industrialisation sure, efficace et eco-responsable Avec sept d\u00e9cennies d&rsquo;expertise dans le domaine du formage des m\u00e9taux, SCODER et ses \u00e9quipes ont acquis des comp\u00e9tences uniques en mati\u00e8re de formage et d&rsquo;assemblage des m\u00e9taux. Nous sommes convaincus que nos connaissances et notre passion, associ\u00e9es \u00e0 la confiance de nos clients, nous [&hellip;]<\/p>\n","protected":false},"author":6,"featured_media":0,"parent":0,"menu_order":0,"comment_status":"closed","ping_status":"closed","template":"","meta":{"_acf_changed":false,"footnotes":""},"class_list":["post-1852","page","type-page","status-publish","hentry"],"acf":[],"_links":{"self":[{"href":"https:\/\/scoder-metalforming.com\/fr\/wp-json\/wp\/v2\/pages\/1852","targetHints":{"allow":["GET"]}}],"collection":[{"href":"https:\/\/scoder-metalforming.com\/fr\/wp-json\/wp\/v2\/pages"}],"about":[{"href":"https:\/\/scoder-metalforming.com\/fr\/wp-json\/wp\/v2\/types\/page"}],"author":[{"embeddable":true,"href":"https:\/\/scoder-metalforming.com\/fr\/wp-json\/wp\/v2\/users\/6"}],"replies":[{"embeddable":true,"href":"https:\/\/scoder-metalforming.com\/fr\/wp-json\/wp\/v2\/comments?post=1852"}],"version-history":[{"count":5,"href":"https:\/\/scoder-metalforming.com\/fr\/wp-json\/wp\/v2\/pages\/1852\/revisions"}],"predecessor-version":[{"id":2316,"href":"https:\/\/scoder-metalforming.com\/fr\/wp-json\/wp\/v2\/pages\/1852\/revisions\/2316"}],"wp:attachment":[{"href":"https:\/\/scoder-metalforming.com\/fr\/wp-json\/wp\/v2\/media?parent=1852"}],"curies":[{"name":"wp","href":"https:\/\/api.w.org\/{rel}","templated":true}]}}