{"id":1866,"date":"2024-06-05T15:10:21","date_gmt":"2024-06-05T13:10:21","guid":{"rendered":"https:\/\/scoder-metalforming.com\/solutions-dindustrialisation\/scodesign\/"},"modified":"2024-09-23T17:31:16","modified_gmt":"2024-09-23T15:31:16","slug":"scodesign","status":"publish","type":"page","link":"https:\/\/scoder-metalforming.com\/fr\/solutions-dindustrialisation\/scodesign\/","title":{"rendered":"Scodesign"},"content":{"rendered":"\n<div class=\"wp-block-cover alignfull wp-duotone-dark-grayscale\" style=\"min-height:724px;aspect-ratio:unset;\"><span aria-hidden=\"true\" class=\"wp-block-cover__background has-noir-background-color has-background-dim-0 has-background-dim\"><\/span><img loading=\"lazy\" decoding=\"async\" width=\"1920\" height=\"724\" class=\"wp-block-cover__image-background wp-image-2071\" alt=\"\" src=\"https:\/\/scoder-metalforming.com\/wp-content\/uploads\/2024\/09\/slide_scodesign-2.jpg\" data-object-fit=\"cover\" srcset=\"https:\/\/scoder-metalforming.com\/wp-content\/uploads\/2024\/09\/slide_scodesign-2.jpg 1920w, https:\/\/scoder-metalforming.com\/wp-content\/uploads\/2024\/09\/slide_scodesign-2-300x113.jpg 300w, https:\/\/scoder-metalforming.com\/wp-content\/uploads\/2024\/09\/slide_scodesign-2-1024x386.jpg 1024w, https:\/\/scoder-metalforming.com\/wp-content\/uploads\/2024\/09\/slide_scodesign-2-768x290.jpg 768w, https:\/\/scoder-metalforming.com\/wp-content\/uploads\/2024\/09\/slide_scodesign-2-1536x579.jpg 1536w\" sizes=\"auto, (max-width: 1920px) 100vw, 1920px\" \/><div class=\"wp-block-cover__inner-container is-layout-flow wp-block-cover-is-layout-flow\">\n<figure class=\"wp-block-image aligncenter size-large\"><img loading=\"lazy\" decoding=\"async\" width=\"399\" height=\"82\" src=\"https:\/\/scoder-metalforming.com\/wp-content\/uploads\/2024\/06\/scoder-name-white.svg\" alt=\"Scoder\" class=\"wp-image-806\"\/><\/figure>\n<\/div><\/div>\n<h1 class=\"revealer fadeInLeft wp-block-post-title\">Scodesign<\/h1><nav aria-label=\"breadcrumbs\" class=\"rank-math-breadcrumb\"><p><span class=\"last\">Home<\/span><\/p><\/nav>\n\n<h2 class=\"wp-block-heading\">Coop\u00e9ration et Co-conception<\/h2>\n\n<p>Depuis la Co-conception jusqu\u2019\u00e0 la fabrication en s\u00e9rie en passant si besoin par le prototypage, nos experts travaillent en <strong>collaboration avec nos clients<\/strong> pour d\u00e9velopper et r\u00e9aliser les projets confi\u00e9s \u00e0 SCODER.  <\/p>\n\n<p>Nos <strong>expertises, la confiance et le support de nos clients<\/strong> appuy\u00e9 par la <strong>capacit\u00e9 exceptionnelle<\/strong> <strong>de nos presses servo ultra pr\u00e9cises<\/strong> nous permettent de relever d\u2019incroyables d\u00e9fis techniques.  <\/p>\n\n<h2 class=\"wp-block-heading\">Nos concepts mis en \u0153uvre<\/h2>\n\n<div class=\"wp-block-group revealer fadeInDown is-content-justification-center is-layout-flex wp-container-core-group-is-layout-7f9230a8 wp-block-group-is-layout-flex\" style=\"margin-top:var(--wp--preset--spacing--spacing-4)\">\n<div class=\"wp-block-group is-layout-constrained wp-container-core-group-is-layout-8476b90a wp-block-group-is-layout-constrained\">\n<div class=\"wp-block-group is-vertical is-content-justification-center is-layout-flex wp-container-core-group-is-layout-c78fd4dd wp-block-group-is-layout-flex\">\n<figure data-wp-context=\"{&quot;imageId&quot;:&quot;6a06edb8d5fd0&quot;}\" data-wp-interactive=\"core\/image\" data-wp-key=\"6a06edb8d5fd0\" class=\"wp-block-image size-full is-resized has-normal-border-radius zoomInOnHover wp-lightbox-container\"><img loading=\"lazy\" decoding=\"async\" width=\"344\" height=\"400\" data-wp-class--hide=\"state.isContentHidden\" data-wp-class--show=\"state.isContentVisible\" data-wp-init=\"callbacks.setButtonStyles\" data-wp-on--click=\"actions.showLightbox\" data-wp-on--load=\"callbacks.setButtonStyles\" data-wp-on-window--resize=\"callbacks.setButtonStyles\" src=\"https:\/\/scoder-metalforming.com\/wp-content\/uploads\/2024\/06\/scodesign.jpg\" alt=\"\" class=\"wp-image-729\" style=\"object-fit:cover;width:215px;height:249px\" srcset=\"https:\/\/scoder-metalforming.com\/wp-content\/uploads\/2024\/06\/scodesign.jpg 344w, https:\/\/scoder-metalforming.com\/wp-content\/uploads\/2024\/06\/scodesign-258x300.jpg 258w\" sizes=\"auto, (max-width: 344px) 100vw, 344px\" \/><button\n\t\t\tclass=\"lightbox-trigger\"\n\t\t\ttype=\"button\"\n\t\t\taria-haspopup=\"dialog\"\n\t\t\taria-label=\"Agrandir\"\n\t\t\tdata-wp-init=\"callbacks.initTriggerButton\"\n\t\t\tdata-wp-on--click=\"actions.showLightbox\"\n\t\t\tdata-wp-style--right=\"state.imageButtonRight\"\n\t\t\tdata-wp-style--top=\"state.imageButtonTop\"\n\t\t>\n\t\t\t<svg xmlns=\"http:\/\/www.w3.org\/2000\/svg\" width=\"12\" height=\"12\" fill=\"none\" viewBox=\"0 0 12 12\">\n\t\t\t\t<path fill=\"#fff\" d=\"M2 0a2 2 0 0 0-2 2v2h1.5V2a.5.5 0 0 1 .5-.5h2V0H2Zm2 10.5H2a.5.5 0 0 1-.5-.5V8H0v2a2 2 0 0 0 2 2h2v-1.5ZM8 12v-1.5h2a.5.5 0 0 0 .5-.5V8H12v2a2 2 0 0 1-2 2H8Zm2-12a2 2 0 0 1 2 2v2h-1.5V2a.5.5 0 0 0-.5-.5H8V0h2Z\" \/>\n\t\t\t<\/svg>\n\t\t<\/button><\/figure>\n\n\n\n<div class=\"wp-block-group is-layout-constrained wp-container-core-group-is-layout-1366c7fb wp-block-group-is-layout-constrained\">\n<p class=\"has-text-align-center has-primary-color has-text-color has-link-color has-medium-font-size wp-elements-6391a541140382a683a0d4c6cadcfeb0\" style=\"font-style:normal;font-weight:600;line-height:1.3\">4 op\u00e9rations <br\/>\nen 1<\/p>\n<\/div>\n<\/div>\n<\/div>\n\n\n\n<div class=\"wp-block-group is-layout-constrained wp-container-core-group-is-layout-8476b90a wp-block-group-is-layout-constrained\">\n<div class=\"wp-block-group is-vertical is-content-justification-center is-layout-flex wp-container-core-group-is-layout-c78fd4dd wp-block-group-is-layout-flex\">\n<figure data-wp-context=\"{&quot;imageId&quot;:&quot;6a06edb8d6ab9&quot;}\" data-wp-interactive=\"core\/image\" data-wp-key=\"6a06edb8d6ab9\" class=\"wp-block-image size-full is-resized has-normal-border-radius zoomInOnHover wp-lightbox-container\"><img loading=\"lazy\" decoding=\"async\" width=\"345\" height=\"400\" data-wp-class--hide=\"state.isContentHidden\" data-wp-class--show=\"state.isContentVisible\" data-wp-init=\"callbacks.setButtonStyles\" data-wp-on--click=\"actions.showLightbox\" data-wp-on--load=\"callbacks.setButtonStyles\" data-wp-on-window--resize=\"callbacks.setButtonStyles\" src=\"https:\/\/scoder-metalforming.com\/wp-content\/uploads\/2024\/06\/0296.jpg\" alt=\"\" class=\"wp-image-727\" style=\"object-fit:cover;width:215px;height:249px\" srcset=\"https:\/\/scoder-metalforming.com\/wp-content\/uploads\/2024\/06\/0296.jpg 345w, https:\/\/scoder-metalforming.com\/wp-content\/uploads\/2024\/06\/0296-259x300.jpg 259w\" sizes=\"auto, (max-width: 345px) 100vw, 345px\" \/><button\n\t\t\tclass=\"lightbox-trigger\"\n\t\t\ttype=\"button\"\n\t\t\taria-haspopup=\"dialog\"\n\t\t\taria-label=\"Agrandir\"\n\t\t\tdata-wp-init=\"callbacks.initTriggerButton\"\n\t\t\tdata-wp-on--click=\"actions.showLightbox\"\n\t\t\tdata-wp-style--right=\"state.imageButtonRight\"\n\t\t\tdata-wp-style--top=\"state.imageButtonTop\"\n\t\t>\n\t\t\t<svg xmlns=\"http:\/\/www.w3.org\/2000\/svg\" width=\"12\" height=\"12\" fill=\"none\" viewBox=\"0 0 12 12\">\n\t\t\t\t<path fill=\"#fff\" d=\"M2 0a2 2 0 0 0-2 2v2h1.5V2a.5.5 0 0 1 .5-.5h2V0H2Zm2 10.5H2a.5.5 0 0 1-.5-.5V8H0v2a2 2 0 0 0 2 2h2v-1.5ZM8 12v-1.5h2a.5.5 0 0 0 .5-.5V8H12v2a2 2 0 0 1-2 2H8Zm2-12a2 2 0 0 1 2 2v2h-1.5V2a.5.5 0 0 0-.5-.5H8V0h2Z\" \/>\n\t\t\t<\/svg>\n\t\t<\/button><\/figure>\n\n\n\n<p class=\"has-text-align-center has-primary-color has-text-color has-link-color has-medium-font-size wp-elements-f41d0fb8062df039b0147a706133f198\" style=\"font-style:normal;font-weight:600;line-height:1.3\">Substitution au frittage<\/p>\n<\/div>\n<\/div>\n\n\n\n<div class=\"wp-block-group is-layout-constrained wp-container-core-group-is-layout-8476b90a wp-block-group-is-layout-constrained\">\n<div class=\"wp-block-group is-vertical is-content-justification-center is-layout-flex wp-container-core-group-is-layout-c78fd4dd wp-block-group-is-layout-flex\">\n<figure data-wp-context=\"{&quot;imageId&quot;:&quot;6a06edb8d747c&quot;}\" data-wp-interactive=\"core\/image\" data-wp-key=\"6a06edb8d747c\" class=\"wp-block-image size-full is-resized has-normal-border-radius zoomInOnHover wp-lightbox-container\"><img loading=\"lazy\" decoding=\"async\" width=\"345\" height=\"400\" data-wp-class--hide=\"state.isContentHidden\" data-wp-class--show=\"state.isContentVisible\" data-wp-init=\"callbacks.setButtonStyles\" data-wp-on--click=\"actions.showLightbox\" data-wp-on--load=\"callbacks.setButtonStyles\" data-wp-on-window--resize=\"callbacks.setButtonStyles\" src=\"https:\/\/scoder-metalforming.com\/wp-content\/uploads\/2024\/06\/Scoder-Bernardot_7.jpg\" alt=\"\" class=\"wp-image-725\" style=\"object-fit:cover;width:215px;height:249px\" srcset=\"https:\/\/scoder-metalforming.com\/wp-content\/uploads\/2024\/06\/Scoder-Bernardot_7.jpg 345w, https:\/\/scoder-metalforming.com\/wp-content\/uploads\/2024\/06\/Scoder-Bernardot_7-259x300.jpg 259w\" sizes=\"auto, (max-width: 345px) 100vw, 345px\" \/><button\n\t\t\tclass=\"lightbox-trigger\"\n\t\t\ttype=\"button\"\n\t\t\taria-haspopup=\"dialog\"\n\t\t\taria-label=\"Agrandir\"\n\t\t\tdata-wp-init=\"callbacks.initTriggerButton\"\n\t\t\tdata-wp-on--click=\"actions.showLightbox\"\n\t\t\tdata-wp-style--right=\"state.imageButtonRight\"\n\t\t\tdata-wp-style--top=\"state.imageButtonTop\"\n\t\t>\n\t\t\t<svg xmlns=\"http:\/\/www.w3.org\/2000\/svg\" width=\"12\" height=\"12\" fill=\"none\" viewBox=\"0 0 12 12\">\n\t\t\t\t<path fill=\"#fff\" d=\"M2 0a2 2 0 0 0-2 2v2h1.5V2a.5.5 0 0 1 .5-.5h2V0H2Zm2 10.5H2a.5.5 0 0 1-.5-.5V8H0v2a2 2 0 0 0 2 2h2v-1.5ZM8 12v-1.5h2a.5.5 0 0 0 .5-.5V8H12v2a2 2 0 0 1-2 2H8Zm2-12a2 2 0 0 1 2 2v2h-1.5V2a.5.5 0 0 0-.5-.5H8V0h2Z\" \/>\n\t\t\t<\/svg>\n\t\t<\/button><\/figure>\n\n\n\n<p class=\"has-text-align-center has-primary-color has-text-color has-link-color has-medium-font-size wp-elements-2c51d5c4e3814b77c1bab9dee6675be8\" style=\"font-style:normal;font-weight:600;line-height:1.3\">Substitution au tube \u00e9tir\u00e9<\/p>\n<\/div>\n<\/div>\n\n\n\n<div class=\"wp-block-group is-layout-constrained wp-container-core-group-is-layout-8476b90a wp-block-group-is-layout-constrained\">\n<div class=\"wp-block-group is-vertical is-content-justification-center is-layout-flex wp-container-core-group-is-layout-c78fd4dd wp-block-group-is-layout-flex\">\n<figure data-wp-context=\"{&quot;imageId&quot;:&quot;6a06edb8d7e5e&quot;}\" data-wp-interactive=\"core\/image\" data-wp-key=\"6a06edb8d7e5e\" class=\"wp-block-image size-full is-resized has-normal-border-radius zoomInOnHover wp-lightbox-container\"><img loading=\"lazy\" decoding=\"async\" width=\"345\" height=\"400\" data-wp-class--hide=\"state.isContentHidden\" data-wp-class--show=\"state.isContentVisible\" data-wp-init=\"callbacks.setButtonStyles\" data-wp-on--click=\"actions.showLightbox\" data-wp-on--load=\"callbacks.setButtonStyles\" data-wp-on-window--resize=\"callbacks.setButtonStyles\" src=\"https:\/\/scoder-metalforming.com\/wp-content\/uploads\/2024\/06\/Scoder-Bleu_292.jpg\" alt=\"\" class=\"wp-image-723\" style=\"object-fit:cover;width:215px;height:249px\" srcset=\"https:\/\/scoder-metalforming.com\/wp-content\/uploads\/2024\/06\/Scoder-Bleu_292.jpg 345w, https:\/\/scoder-metalforming.com\/wp-content\/uploads\/2024\/06\/Scoder-Bleu_292-259x300.jpg 259w\" sizes=\"auto, (max-width: 345px) 100vw, 345px\" \/><button\n\t\t\tclass=\"lightbox-trigger\"\n\t\t\ttype=\"button\"\n\t\t\taria-haspopup=\"dialog\"\n\t\t\taria-label=\"Agrandir\"\n\t\t\tdata-wp-init=\"callbacks.initTriggerButton\"\n\t\t\tdata-wp-on--click=\"actions.showLightbox\"\n\t\t\tdata-wp-style--right=\"state.imageButtonRight\"\n\t\t\tdata-wp-style--top=\"state.imageButtonTop\"\n\t\t>\n\t\t\t<svg xmlns=\"http:\/\/www.w3.org\/2000\/svg\" width=\"12\" height=\"12\" fill=\"none\" viewBox=\"0 0 12 12\">\n\t\t\t\t<path fill=\"#fff\" d=\"M2 0a2 2 0 0 0-2 2v2h1.5V2a.5.5 0 0 1 .5-.5h2V0H2Zm2 10.5H2a.5.5 0 0 1-.5-.5V8H0v2a2 2 0 0 0 2 2h2v-1.5ZM8 12v-1.5h2a.5.5 0 0 0 .5-.5V8H12v2a2 2 0 0 1-2 2H8Zm2-12a2 2 0 0 1 2 2v2h-1.5V2a.5.5 0 0 0-.5-.5H8V0h2Z\" \/>\n\t\t\t<\/svg>\n\t\t<\/button><\/figure>\n\n\n\n<p class=\"has-text-align-center has-primary-color has-text-color has-link-color has-medium-font-size wp-elements-c0e926b6299187c1b3af46ac71ebbb19\" style=\"font-style:normal;font-weight:600;line-height:1.3\">Substitution au d\u00e9coupage fin<\/p>\n<\/div>\n<\/div>\n\n\n\n<div class=\"wp-block-group is-layout-constrained wp-container-core-group-is-layout-8476b90a wp-block-group-is-layout-constrained\">\n<div class=\"wp-block-group is-vertical is-content-justification-center is-layout-flex wp-container-core-group-is-layout-c78fd4dd wp-block-group-is-layout-flex\">\n<figure data-wp-context=\"{&quot;imageId&quot;:&quot;6a06edb8d87ee&quot;}\" data-wp-interactive=\"core\/image\" data-wp-key=\"6a06edb8d87ee\" class=\"wp-block-image size-full is-resized has-normal-border-radius zoomInOnHover wp-lightbox-container\"><img loading=\"lazy\" decoding=\"async\" width=\"300\" height=\"356\" data-wp-class--hide=\"state.isContentHidden\" data-wp-class--show=\"state.isContentVisible\" data-wp-init=\"callbacks.setButtonStyles\" data-wp-on--click=\"actions.showLightbox\" data-wp-on--load=\"callbacks.setButtonStyles\" data-wp-on-window--resize=\"callbacks.setButtonStyles\" src=\"https:\/\/scoder-metalforming.com\/wp-content\/uploads\/2024\/07\/challenge_resized.jpg\" alt=\"\" class=\"wp-image-1220\" style=\"object-fit:cover;width:215px;height:249px\" srcset=\"https:\/\/scoder-metalforming.com\/wp-content\/uploads\/2024\/07\/challenge_resized.jpg 300w, https:\/\/scoder-metalforming.com\/wp-content\/uploads\/2024\/07\/challenge_resized-253x300.jpg 253w\" sizes=\"auto, (max-width: 300px) 100vw, 300px\" \/><button\n\t\t\tclass=\"lightbox-trigger\"\n\t\t\ttype=\"button\"\n\t\t\taria-haspopup=\"dialog\"\n\t\t\taria-label=\"Agrandir\"\n\t\t\tdata-wp-init=\"callbacks.initTriggerButton\"\n\t\t\tdata-wp-on--click=\"actions.showLightbox\"\n\t\t\tdata-wp-style--right=\"state.imageButtonRight\"\n\t\t\tdata-wp-style--top=\"state.imageButtonTop\"\n\t\t>\n\t\t\t<svg xmlns=\"http:\/\/www.w3.org\/2000\/svg\" width=\"12\" height=\"12\" fill=\"none\" viewBox=\"0 0 12 12\">\n\t\t\t\t<path fill=\"#fff\" d=\"M2 0a2 2 0 0 0-2 2v2h1.5V2a.5.5 0 0 1 .5-.5h2V0H2Zm2 10.5H2a.5.5 0 0 1-.5-.5V8H0v2a2 2 0 0 0 2 2h2v-1.5ZM8 12v-1.5h2a.5.5 0 0 0 .5-.5V8H12v2a2 2 0 0 1-2 2H8Zm2-12a2 2 0 0 1 2 2v2h-1.5V2a.5.5 0 0 0-.5-.5H8V0h2Z\" \/>\n\t\t\t<\/svg>\n\t\t<\/button><\/figure>\n\n\n\n<p class=\"has-text-align-center has-primary-color has-text-color has-link-color has-medium-font-size wp-elements-50e8daec8e15c25453d4c273cf81832e\" style=\"font-style:normal;font-weight:600;line-height:1.3\">Un challenge\u202f? Notre passion et nos savoirs faires sont disponibles <\/p>\n<\/div>\n<\/div>\n<\/div>\n\n<div style=\"height:var(--wp--preset--spacing--spacing-4)\" aria-hidden=\"true\" class=\"wp-block-spacer\"><\/div>\n\n<div class=\"wp-block-group is-layout-constrained wp-block-group-is-layout-constrained\" style=\"padding-top:var(--wp--preset--spacing--spacing-4);padding-bottom:var(--wp--preset--spacing--spacing-6)\">\n<div class=\"wp-block-cover is-light grid-wide\" style=\"margin-top:var(--wp--preset--spacing--spacing-5);margin-bottom:var(--wp--preset--spacing--spacing-5);padding-top:0;padding-bottom:0;min-height:50px;aspect-ratio:unset;\"><span aria-hidden=\"true\" class=\"wp-block-cover__background has-base-background-color has-background-dim-100 has-background-dim\"><\/span><div class=\"wp-block-cover__inner-container is-layout-constrained wp-block-cover-is-layout-constrained\">\n<figure class=\"wp-block-image aligncenter size-large revealer fadeInDown\"><img loading=\"lazy\" decoding=\"async\" width=\"1478\" height=\"269\" src=\"https:\/\/scoder-metalforming.com\/wp-content\/uploads\/2024\/06\/scoder-wholename-lines.svg\" alt=\"Scoder\" class=\"wp-image-836\"\/><\/figure>\n\n\n\n<p class=\"has-text-align-center revealer fadeInDown has-primary-color has-text-color has-link-color has-x-large-font-size wp-elements-afcd0c574984837fb2bbf0f1d7cc904b\" style=\"margin-top:0;margin-bottom:0;font-style:normal;font-weight:600;line-height:1.2\">\u201cWe make your ideas come to life!\u201d<\/p>\n<\/div><\/div>\n\n\n\n<h2 class=\"wp-block-heading revealer fadeInDown\">D\u00e9couvrez aussi<\/h2>\n\n\n\n<div class=\"wp-block-group discover-pages revealer fadeInDown is-content-justification-center is-layout-flex wp-container-core-group-is-layout-b02886af wp-block-group-is-layout-flex\">\n<div class=\"wp-block-group discover-page is-vertical is-content-justification-center is-layout-flex wp-container-core-group-is-layout-ce155fab wp-block-group-is-layout-flex\">\n<figure class=\"wp-block-image size-large is-resized zoomInOnHover\"><img loading=\"lazy\" decoding=\"async\" width=\"1024\" height=\"386\" src=\"https:\/\/scoder-metalforming.com\/wp-content\/uploads\/2024\/09\/slide_safe_industrialization-1-1024x386.jpg\" alt=\"\" class=\"wp-image-1617\" style=\"object-fit:cover;width:472px;height:290px\" srcset=\"https:\/\/scoder-metalforming.com\/wp-content\/uploads\/2024\/09\/slide_safe_industrialization-1-1024x386.jpg 1024w, https:\/\/scoder-metalforming.com\/wp-content\/uploads\/2024\/09\/slide_safe_industrialization-1-300x113.jpg 300w, https:\/\/scoder-metalforming.com\/wp-content\/uploads\/2024\/09\/slide_safe_industrialization-1-768x290.jpg 768w, https:\/\/scoder-metalforming.com\/wp-content\/uploads\/2024\/09\/slide_safe_industrialization-1-1536x579.jpg 1536w, https:\/\/scoder-metalforming.com\/wp-content\/uploads\/2024\/09\/slide_safe_industrialization-1.jpg 1920w\" sizes=\"auto, (max-width: 1024px) 100vw, 1024px\" \/><\/figure>\n\n\n\n<p class=\"has-text-align-center\"><a href=\"https:\/\/scoder-metalforming.com\/fr\/solutions-dindustrialisation\/industrialisation\/\" data-type=\"page\" data-id=\"347\">Industrialisation<\/a><\/p>\n<\/div>\n\n\n\n<div class=\"wp-block-group discover-page is-vertical is-content-justification-center is-layout-flex wp-container-core-group-is-layout-ce155fab wp-block-group-is-layout-flex\">\n<figure class=\"wp-block-image size-large is-resized zoomInOnHover\"><img loading=\"lazy\" decoding=\"async\" width=\"1024\" height=\"386\" src=\"https:\/\/scoder-metalforming.com\/wp-content\/uploads\/2024\/09\/slide_tooling_expertise_scoder-1024x386.jpg\" alt=\"\" class=\"wp-image-1719\" style=\"object-fit:cover;width:472px;height:290px\" srcset=\"https:\/\/scoder-metalforming.com\/wp-content\/uploads\/2024\/09\/slide_tooling_expertise_scoder-1024x386.jpg 1024w, https:\/\/scoder-metalforming.com\/wp-content\/uploads\/2024\/09\/slide_tooling_expertise_scoder-300x113.jpg 300w, https:\/\/scoder-metalforming.com\/wp-content\/uploads\/2024\/09\/slide_tooling_expertise_scoder-768x290.jpg 768w, https:\/\/scoder-metalforming.com\/wp-content\/uploads\/2024\/09\/slide_tooling_expertise_scoder-1536x579.jpg 1536w, https:\/\/scoder-metalforming.com\/wp-content\/uploads\/2024\/09\/slide_tooling_expertise_scoder.jpg 1920w\" sizes=\"auto, (max-width: 1024px) 100vw, 1024px\" \/><\/figure>\n\n\n\n<p class=\"has-text-align-center\"><a href=\"https:\/\/scoder-metalforming.com\/fr\/solutions-dindustrialisation\/expertise-outillage\/\" data-type=\"page\" data-id=\"345\">Expertise outillage<\/a><\/p>\n<\/div>\n\n\n\n<div class=\"wp-block-group discover-page is-vertical is-content-justification-center is-layout-flex wp-container-core-group-is-layout-ce155fab wp-block-group-is-layout-flex\">\n<figure class=\"wp-block-image size-large is-resized zoomInOnHover\"><img loading=\"lazy\" decoding=\"async\" width=\"1024\" height=\"386\" src=\"https:\/\/scoder-metalforming.com\/wp-content\/uploads\/2024\/09\/Tooling_relocation_service3-1024x386.jpg\" alt=\"\" class=\"wp-image-1498\" style=\"object-fit:cover;width:472px;height:290px\" srcset=\"https:\/\/scoder-metalforming.com\/wp-content\/uploads\/2024\/09\/Tooling_relocation_service3-1024x386.jpg 1024w, https:\/\/scoder-metalforming.com\/wp-content\/uploads\/2024\/09\/Tooling_relocation_service3-300x113.jpg 300w, https:\/\/scoder-metalforming.com\/wp-content\/uploads\/2024\/09\/Tooling_relocation_service3-768x290.jpg 768w, https:\/\/scoder-metalforming.com\/wp-content\/uploads\/2024\/09\/Tooling_relocation_service3-1536x579.jpg 1536w, https:\/\/scoder-metalforming.com\/wp-content\/uploads\/2024\/09\/Tooling_relocation_service3.jpg 1920w\" sizes=\"auto, (max-width: 1024px) 100vw, 1024px\" \/><\/figure>\n\n\n\n<p class=\"has-text-align-center\"><a href=\"https:\/\/scoder-metalforming.com\/fr\/solutions-dindustrialisation\/assistance-relocalisation-doutillage\/\" data-type=\"page\" data-id=\"349\">Assistance Relocalisation d\u2019outillage<\/a><\/p>\n<\/div>\n<\/div>\n<\/div>\n","protected":false},"excerpt":{"rendered":"<p>Coop\u00e9ration et Co-conception Depuis la Co-conception jusqu\u2019\u00e0 la fabrication en s\u00e9rie en passant si besoin par le prototypage, nos experts travaillent en collaboration avec nos clients pour d\u00e9velopper et r\u00e9aliser les projets confi\u00e9s \u00e0 SCODER. Nos expertises, la confiance et le support de nos clients appuy\u00e9 par la capacit\u00e9 exceptionnelle de nos presses servo ultra [&hellip;]<\/p>\n","protected":false},"author":6,"featured_media":0,"parent":1852,"menu_order":0,"comment_status":"closed","ping_status":"closed","template":"","meta":{"_acf_changed":false,"footnotes":""},"class_list":["post-1866","page","type-page","status-publish","hentry"],"acf":[],"_links":{"self":[{"href":"https:\/\/scoder-metalforming.com\/fr\/wp-json\/wp\/v2\/pages\/1866","targetHints":{"allow":["GET"]}}],"collection":[{"href":"https:\/\/scoder-metalforming.com\/fr\/wp-json\/wp\/v2\/pages"}],"about":[{"href":"https:\/\/scoder-metalforming.com\/fr\/wp-json\/wp\/v2\/types\/page"}],"author":[{"embeddable":true,"href":"https:\/\/scoder-metalforming.com\/fr\/wp-json\/wp\/v2\/users\/6"}],"replies":[{"embeddable":true,"href":"https:\/\/scoder-metalforming.com\/fr\/wp-json\/wp\/v2\/comments?post=1866"}],"version-history":[{"count":5,"href":"https:\/\/scoder-metalforming.com\/fr\/wp-json\/wp\/v2\/pages\/1866\/revisions"}],"predecessor-version":[{"id":2252,"href":"https:\/\/scoder-metalforming.com\/fr\/wp-json\/wp\/v2\/pages\/1866\/revisions\/2252"}],"up":[{"embeddable":true,"href":"https:\/\/scoder-metalforming.com\/fr\/wp-json\/wp\/v2\/pages\/1852"}],"wp:attachment":[{"href":"https:\/\/scoder-metalforming.com\/fr\/wp-json\/wp\/v2\/media?parent=1866"}],"curies":[{"name":"wp","href":"https:\/\/api.w.org\/{rel}","templated":true}]}}