{"id":1873,"date":"2024-06-05T15:12:15","date_gmt":"2024-06-05T13:12:15","guid":{"rendered":"https:\/\/scoder-metalforming.com\/innovations\/"},"modified":"2024-09-23T14:11:29","modified_gmt":"2024-09-23T12:11:29","slug":"innovations","status":"publish","type":"page","link":"https:\/\/scoder-metalforming.com\/fr\/innovations\/","title":{"rendered":"Innovations"},"content":{"rendered":"\n<div class=\"wp-block-cover alignfull\" style=\"min-height:724px;aspect-ratio:unset;\"><span aria-hidden=\"true\" class=\"wp-block-cover__background has-noir-background-color has-background-dim-0 has-background-dim\"><\/span><img loading=\"lazy\" decoding=\"async\" width=\"1920\" height=\"724\" class=\"wp-block-cover__image-background wp-image-2063\" alt=\"\" src=\"https:\/\/scoder-metalforming.com\/wp-content\/uploads\/2024\/09\/innovations_slide-3.jpg\" data-object-fit=\"cover\" srcset=\"https:\/\/scoder-metalforming.com\/wp-content\/uploads\/2024\/09\/innovations_slide-3.jpg 1920w, https:\/\/scoder-metalforming.com\/wp-content\/uploads\/2024\/09\/innovations_slide-3-300x113.jpg 300w, https:\/\/scoder-metalforming.com\/wp-content\/uploads\/2024\/09\/innovations_slide-3-1024x386.jpg 1024w, https:\/\/scoder-metalforming.com\/wp-content\/uploads\/2024\/09\/innovations_slide-3-768x290.jpg 768w, https:\/\/scoder-metalforming.com\/wp-content\/uploads\/2024\/09\/innovations_slide-3-1536x579.jpg 1536w\" sizes=\"auto, (max-width: 1920px) 100vw, 1920px\" \/><div class=\"wp-block-cover__inner-container is-layout-flow wp-block-cover-is-layout-flow\">\n<p class=\"has-text-align-center has-large-font-size\"><\/p>\n<\/div><\/div>\n<h1 class=\"revealer fadeInLeft wp-block-post-title\">Innovations<\/h1><nav aria-label=\"breadcrumbs\" class=\"rank-math-breadcrumb\"><p><span class=\"last\">Home<\/span><\/p><\/nav>\n\n<h2 class=\"wp-block-heading\">Programme d\u2019Industrie du futur (Prognostics and Health Management programs), sciences des donn\u00e9es<\/h2>\n\n<p><\/p>\n\n<div class=\"wp-block-columns is-layout-flex wp-container-core-columns-is-layout-28f84493 wp-block-columns-is-layout-flex\">\n<div class=\"wp-block-column is-layout-flow wp-block-column-is-layout-flow\">\n<figure class=\"wp-block-image size-full is-resized\"><img loading=\"lazy\" decoding=\"async\" width=\"1024\" height=\"1024\" src=\"https:\/\/scoder-metalforming.com\/wp-content\/uploads\/2024\/09\/innovation.jpg\" alt=\"\" class=\"wp-image-1746\" style=\"object-fit:cover;width:664px;height:auto\" srcset=\"https:\/\/scoder-metalforming.com\/wp-content\/uploads\/2024\/09\/innovation.jpg 1024w, https:\/\/scoder-metalforming.com\/wp-content\/uploads\/2024\/09\/innovation-300x300.jpg 300w, https:\/\/scoder-metalforming.com\/wp-content\/uploads\/2024\/09\/innovation-150x150.jpg 150w, https:\/\/scoder-metalforming.com\/wp-content\/uploads\/2024\/09\/innovation-768x768.jpg 768w\" sizes=\"auto, (max-width: 1024px) 100vw, 1024px\" \/><\/figure>\n<\/div>\n\n\n\n<div class=\"wp-block-column is-layout-flow wp-block-column-is-layout-flow\">\n<p>Les premiers travaux de Scoder autour de l\u2019exploitation en masse des donn\u00e9es remontent \u00e0 2009. <br\/>En 2018, avec le support de <strong>partenaires prestigieux et \u00e0 la pointe de la science des donn\u00e9es<\/strong>, une nouvelle impulsion a \u00e9t\u00e9 donn\u00e9e \u00e0 ces travaux avec le <strong>lancement de notre programme PHM (Prognostics and Health Management)<\/strong>.  <\/p>\n\n\n\n<p>Ce programme vise \u00e0 acc\u00e9l\u00e9rer la mise en place sur le terrain <strong>d\u2019actions concr\u00e8tes<\/strong> servant notre <strong>Strat\u00e9gie du z\u00e9ro d\u00e9faut<\/strong>. D\u2019abord ax\u00e9 sur un produit bien pr\u00e9cis, il s\u2019est ensuite \u00e9tendu avec succ\u00e8s \u00e0 l\u2019ensemble de la famille produit.  <\/p>\n\n\n\n<p>Initialement pens\u00e9 pour <strong>am\u00e9liorer l\u2019efficience de nos fabrications<\/strong>, ces travaux ont \u00e9galement inspir\u00e9 notre capacit\u00e9 \u00e0 proposer \u00e0 nos clients des \u00e9volutions dimensionnelles produits afin d\u2019augmenter leurs performances. <\/p>\n\n\n\n<p>Le d\u00e9veloppement de <strong>m\u00e9thodes algorithmiques complexes<\/strong> combin\u00e9 aux quinze ans de travaux internes permettent \u00e0 nos experts en fabrication de s\u00e9lectionner les param\u00e8tres les plus ad\u00e9quats \u00e0 chaque lot de fabrication. <\/p>\n\n\n\n<p>Fort de ses succ\u00e8s initiaux et des <strong>gains de productivit\u00e9<\/strong> associ\u00e9s, SCODER continue son vaste plan d\u2019implantation du programme PHM. <\/p>\n<\/div>\n<\/div>\n\n<p><\/p>\n\n<h2 class=\"wp-block-heading has-text-align-center\">Nos concepts mis en \u0153uvre<\/h2>\n\n<div class=\"wp-block-group is-content-justification-center is-layout-flex wp-container-core-group-is-layout-aa6a72a9 wp-block-group-is-layout-flex\" style=\"line-height:1.3\">\n<div class=\"wp-block-group innovation-concept is-vertical is-content-justification-center is-layout-flex wp-container-core-group-is-layout-ce155fab wp-block-group-is-layout-flex\">\n<div class=\"wp-block-group has-primary-background-color has-background is-vertical is-content-justification-center is-layout-flex wp-container-core-group-is-layout-fa38c63a wp-block-group-is-layout-flex\" style=\"border-radius:30px;min-height:15.5rem\">\n<figure class=\"wp-block-image size-large\"><img loading=\"lazy\" decoding=\"async\" width=\"220\" height=\"220\" src=\"https:\/\/scoder-metalforming.com\/wp-content\/uploads\/2024\/07\/target.svg\" alt=\"\" class=\"wp-image-1137\"\/><\/figure>\n<\/div>\n\n\n\n<p class=\"has-text-align-center has-primary-color has-text-color has-link-color has-medium-font-size wp-elements-39e700823bb09979e02cf4789967a009\">Maintenance outillage pr\u00e9dictive<\/p>\n<\/div>\n\n\n\n<div class=\"wp-block-group innovation-concept is-vertical is-content-justification-center is-layout-flex wp-container-core-group-is-layout-ce155fab wp-block-group-is-layout-flex\">\n<div class=\"wp-block-group has-primary-background-color has-background is-vertical is-content-justification-center is-layout-flex wp-container-core-group-is-layout-fa38c63a wp-block-group-is-layout-flex\" style=\"border-radius:30px;min-height:15.5rem\">\n<figure class=\"wp-block-image size-large\"><img loading=\"lazy\" decoding=\"async\" width=\"197\" height=\"180\" src=\"https:\/\/scoder-metalforming.com\/wp-content\/uploads\/2024\/07\/listing-standards.svg\" alt=\"\" class=\"wp-image-1135\"\/><\/figure>\n<\/div>\n\n\n\n<p class=\"has-text-align-center has-primary-color has-text-color has-link-color has-medium-font-size wp-elements-b8688ea81575e60b0e6b1e02d0b9d53f\">Restriction standards mati\u00e8re<\/p>\n<\/div>\n\n\n\n<div class=\"wp-block-group innovation-concept is-vertical is-content-justification-center is-layout-flex wp-container-core-group-is-layout-ce155fab wp-block-group-is-layout-flex\">\n<div class=\"wp-block-group has-primary-background-color has-background is-vertical is-content-justification-center is-layout-flex wp-container-core-group-is-layout-fa38c63a wp-block-group-is-layout-flex\" style=\"border-radius:30px;min-height:15.5rem\">\n<figure class=\"wp-block-image size-large\"><img loading=\"lazy\" decoding=\"async\" width=\"156\" height=\"198\" src=\"https:\/\/scoder-metalforming.com\/wp-content\/uploads\/2024\/07\/parameters-adjustements.svg\" alt=\"\" class=\"wp-image-1133\"\/><\/figure>\n<\/div>\n\n\n\n<p class=\"has-text-align-center has-primary-color has-text-color has-link-color has-medium-font-size wp-elements-efce2daebce13b908eb8607efec79220\">Ajustement param\u00e8tres<\/p>\n<\/div>\n\n\n\n<div class=\"wp-block-group innovation-concept is-vertical is-content-justification-center is-layout-flex wp-container-core-group-is-layout-ce155fab wp-block-group-is-layout-flex\">\n<div class=\"wp-block-group has-primary-background-color has-background is-vertical is-content-justification-center is-layout-flex wp-container-core-group-is-layout-fa38c63a wp-block-group-is-layout-flex\" style=\"border-radius:30px;min-height:15.5rem\">\n<figure class=\"wp-block-image size-large\"><img loading=\"lazy\" decoding=\"async\" width=\"163\" height=\"173\" src=\"https:\/\/scoder-metalforming.com\/wp-content\/uploads\/2024\/07\/workinprogress.svg\" alt=\"\" class=\"wp-image-1139\"\/><\/figure>\n<\/div>\n\n\n\n<p class=\"has-text-align-center has-primary-color has-text-color has-link-color has-medium-font-size wp-elements-6c5264da1688949fee08cc45be80a48e\">Syst\u00e8me d\u2019Aide \u00e0 la D\u00e9cision<\/p>\n<\/div>\n<\/div>\n\n<div style=\"height:var(--wp--preset--spacing--spacing-5)\" aria-hidden=\"true\" class=\"wp-block-spacer\"><\/div>\n\n<div class=\"wp-block-group is-layout-constrained wp-block-group-is-layout-constrained\" style=\"padding-top:var(--wp--preset--spacing--spacing-4);padding-bottom:var(--wp--preset--spacing--spacing-6)\">\n<div class=\"wp-block-cover is-light grid-wide\" style=\"margin-top:var(--wp--preset--spacing--spacing-5);margin-bottom:var(--wp--preset--spacing--spacing-5);padding-top:0;padding-bottom:0;min-height:50px;aspect-ratio:unset;\"><span aria-hidden=\"true\" class=\"wp-block-cover__background has-base-background-color has-background-dim-100 has-background-dim\"><\/span><div class=\"wp-block-cover__inner-container is-layout-constrained wp-block-cover-is-layout-constrained\">\n<figure class=\"wp-block-image aligncenter size-large revealer fadeInDown\"><img loading=\"lazy\" decoding=\"async\" width=\"1478\" height=\"269\" src=\"https:\/\/scoder-metalforming.com\/wp-content\/uploads\/2024\/06\/scoder-wholename-lines.svg\" alt=\"\" class=\"wp-image-836\"\/><\/figure>\n\n\n\n<p class=\"has-text-align-center revealer fadeInDown has-primary-color has-text-color has-link-color has-x-large-font-size wp-elements-32c74190d74c945b24b92692bfa261e6\" style=\"margin-top:0;margin-bottom:0;font-style:normal;font-weight:600;line-height:1.2\">\u201cPHM Programs: Our daily contribution<\/p>\n\n\n\n<p class=\"has-text-align-center revealer fadeInDown has-primary-color has-text-color has-link-color has-x-large-font-size wp-elements-0787ec51f85fd677f20ab6dafb48f67f\" style=\"margin-top:0;margin-bottom:0;font-style:normal;font-weight:600;line-height:1.2\">to global efficiency improvements.\u201d<\/p>\n<\/div><\/div>\n\n\n\n<h2 class=\"wp-block-heading revealer fadeInDown\">D\u00e9couvrez aussi<\/h2>\n\n\n\n<div class=\"wp-block-group discover-pages revealer fadeInDown is-content-justification-center is-layout-flex wp-container-core-group-is-layout-b02886af wp-block-group-is-layout-flex\">\n<div class=\"wp-block-group discover-page is-vertical is-content-justification-center is-layout-flex wp-container-core-group-is-layout-ce155fab wp-block-group-is-layout-flex\">\n<figure class=\"wp-block-image size-full is-resized zoomInOnHover\"><img loading=\"lazy\" decoding=\"async\" width=\"472\" height=\"290\" src=\"https:\/\/scoder-metalforming.com\/wp-content\/uploads\/2024\/07\/Industrialization-solutions.jpg\" alt=\"\" class=\"wp-image-893\" style=\"object-fit:cover;width:472px;height:290px\" srcset=\"https:\/\/scoder-metalforming.com\/wp-content\/uploads\/2024\/07\/Industrialization-solutions.jpg 472w, https:\/\/scoder-metalforming.com\/wp-content\/uploads\/2024\/07\/Industrialization-solutions-300x184.jpg 300w\" sizes=\"auto, (max-width: 472px) 100vw, 472px\" \/><\/figure>\n\n\n\n<p class=\"has-text-align-center\"><a href=\"https:\/\/scoder-metalforming.com\/fr\/solutions-dindustrialisation\/\" data-type=\"page\" data-id=\"341\">Solutions d\u2019industrialisation<\/a><\/p>\n<\/div>\n\n\n\n<div class=\"wp-block-group discover-page is-vertical is-content-justification-center is-layout-flex wp-container-core-group-is-layout-ce155fab wp-block-group-is-layout-flex\">\n<figure class=\"wp-block-image size-full is-resized zoomInOnHover\"><img loading=\"lazy\" decoding=\"async\" width=\"1200\" height=\"800\" src=\"https:\/\/scoder-metalforming.com\/wp-content\/uploads\/2024\/09\/who_are_we_scoder.jpg\" alt=\"\" class=\"wp-image-1936\" style=\"object-fit:cover;width:472px;height:290px\" srcset=\"https:\/\/scoder-metalforming.com\/wp-content\/uploads\/2024\/09\/who_are_we_scoder.jpg 1200w, https:\/\/scoder-metalforming.com\/wp-content\/uploads\/2024\/09\/who_are_we_scoder-300x200.jpg 300w, https:\/\/scoder-metalforming.com\/wp-content\/uploads\/2024\/09\/who_are_we_scoder-1024x683.jpg 1024w, https:\/\/scoder-metalforming.com\/wp-content\/uploads\/2024\/09\/who_are_we_scoder-768x512.jpg 768w\" sizes=\"auto, (max-width: 1200px) 100vw, 1200px\" \/><\/figure>\n\n\n\n<p class=\"has-text-align-center\"><a href=\"https:\/\/scoder-metalforming.com\/fr\/qui-sommes-nous\/\" data-type=\"page\" data-id=\"337\"><\/a><a href=\"https:\/\/scoder-metalforming.com\/fr\/qui-sommes-nous\/\">\u00c0 propos<\/a><\/p>\n<\/div>\n\n\n\n<div class=\"wp-block-group discover-page is-vertical is-content-justification-center is-layout-flex wp-container-core-group-is-layout-ce155fab wp-block-group-is-layout-flex\">\n<figure class=\"wp-block-image size-full is-resized zoomInOnHover\"><img loading=\"lazy\" decoding=\"async\" width=\"472\" height=\"290\" src=\"https:\/\/scoder-metalforming.com\/wp-content\/uploads\/2024\/09\/also-discover-link-products.png\" alt=\"\" class=\"wp-image-1752\" style=\"object-fit:cover;width:472px;height:290px\" srcset=\"https:\/\/scoder-metalforming.com\/wp-content\/uploads\/2024\/09\/also-discover-link-products.png 472w, https:\/\/scoder-metalforming.com\/wp-content\/uploads\/2024\/09\/also-discover-link-products-300x184.png 300w\" sizes=\"auto, (max-width: 472px) 100vw, 472px\" \/><\/figure>\n\n\n\n<p class=\"has-text-align-center\"><a href=\"https:\/\/scoder-metalforming.com\/fr\/produits\/\" data-type=\"page\" data-id=\"356\">Produits<\/a><\/p>\n<\/div>\n<\/div>\n<\/div>\n","protected":false},"excerpt":{"rendered":"<p>Programme d\u2019Industrie du futur (Prognostics and Health Management programs), sciences des donn\u00e9es Les premiers travaux de Scoder autour de l\u2019exploitation en masse des donn\u00e9es remontent \u00e0 2009. En 2018, avec le support de partenaires prestigieux et \u00e0 la pointe de la science des donn\u00e9es, une nouvelle impulsion a \u00e9t\u00e9 donn\u00e9e \u00e0 ces travaux avec le [&hellip;]<\/p>\n","protected":false},"author":6,"featured_media":0,"parent":0,"menu_order":0,"comment_status":"closed","ping_status":"closed","template":"","meta":{"_acf_changed":false,"footnotes":""},"class_list":["post-1873","page","type-page","status-publish","hentry"],"acf":[],"_links":{"self":[{"href":"https:\/\/scoder-metalforming.com\/fr\/wp-json\/wp\/v2\/pages\/1873","targetHints":{"allow":["GET"]}}],"collection":[{"href":"https:\/\/scoder-metalforming.com\/fr\/wp-json\/wp\/v2\/pages"}],"about":[{"href":"https:\/\/scoder-metalforming.com\/fr\/wp-json\/wp\/v2\/types\/page"}],"author":[{"embeddable":true,"href":"https:\/\/scoder-metalforming.com\/fr\/wp-json\/wp\/v2\/users\/6"}],"replies":[{"embeddable":true,"href":"https:\/\/scoder-metalforming.com\/fr\/wp-json\/wp\/v2\/comments?post=1873"}],"version-history":[{"count":6,"href":"https:\/\/scoder-metalforming.com\/fr\/wp-json\/wp\/v2\/pages\/1873\/revisions"}],"predecessor-version":[{"id":2320,"href":"https:\/\/scoder-metalforming.com\/fr\/wp-json\/wp\/v2\/pages\/1873\/revisions\/2320"}],"wp:attachment":[{"href":"https:\/\/scoder-metalforming.com\/fr\/wp-json\/wp\/v2\/media?parent=1873"}],"curies":[{"name":"wp","href":"https:\/\/api.w.org\/{rel}","templated":true}]}}