{"id":1875,"date":"2024-06-05T15:12:27","date_gmt":"2024-06-05T13:12:27","guid":{"rendered":"https:\/\/scoder-metalforming.com\/produits\/"},"modified":"2025-05-28T13:47:26","modified_gmt":"2025-05-28T11:47:26","slug":"produits","status":"publish","type":"page","link":"https:\/\/scoder-metalforming.com\/fr\/produits\/","title":{"rendered":"Produits"},"content":{"rendered":"\n<div class=\"wp-block-cover alignfull\" style=\"min-height:724px;aspect-ratio:unset;\"><span aria-hidden=\"true\" class=\"wp-block-cover__background has-noir-background-color has-background-dim-0 has-background-dim\"><\/span><img loading=\"lazy\" decoding=\"async\" width=\"1920\" height=\"724\" class=\"wp-block-cover__image-background wp-image-1608\" alt=\"\" src=\"https:\/\/scoder-metalforming.com\/wp-content\/uploads\/2024\/09\/slide_products_scoder.jpg\" data-object-fit=\"cover\" srcset=\"https:\/\/scoder-metalforming.com\/wp-content\/uploads\/2024\/09\/slide_products_scoder.jpg 1920w, https:\/\/scoder-metalforming.com\/wp-content\/uploads\/2024\/09\/slide_products_scoder-300x113.jpg 300w, https:\/\/scoder-metalforming.com\/wp-content\/uploads\/2024\/09\/slide_products_scoder-1024x386.jpg 1024w, https:\/\/scoder-metalforming.com\/wp-content\/uploads\/2024\/09\/slide_products_scoder-768x290.jpg 768w, https:\/\/scoder-metalforming.com\/wp-content\/uploads\/2024\/09\/slide_products_scoder-1536x579.jpg 1536w\" sizes=\"auto, (max-width: 1920px) 100vw, 1920px\" \/><div class=\"wp-block-cover__inner-container is-layout-flow wp-block-cover-is-layout-flow\">\n<p class=\"has-text-align-center has-large-font-size\"><\/p>\n<\/div><\/div>\n\n<h1 class=\"wp-block-heading revealer fadeInLeft\">Nos produits<\/h1>\n<nav aria-label=\"breadcrumbs\" class=\"rank-math-breadcrumb\"><p><span class=\"last\">Home<\/span><\/p><\/nav>\n\n<h2 class=\"wp-block-heading\">Ultra precision metal forming with Passion<\/h2>\n\n<p class=\"has-medium-font-size\" style=\"margin-bottom:var(--wp--preset--spacing--spacing-5)\">Nous nous sp\u00e9cialisons principalement dans le secteur automobile, en produisant des <strong>pi\u00e8ces de s\u00e9curit\u00e9 et de r\u00e9glementation<\/strong> pour la <strong>mobilit\u00e9 et la protection de la vie<\/strong>. Nous servons \u00e9galement des applications industrielles, en fournissant aux <strong>OEM les plus prestigieux<\/strong> des solutions industrialis\u00e9es qui garantissent la <strong>comp\u00e9titivit\u00e9, la fiabilit\u00e9 et la durabilit\u00e9 des produits<\/strong>.   <\/p>\n\n<div id=\"block_swiper_products-block_6b360ff9802dd9e1cfd97e3e53b093ca\" class=\"block_swiper_products | \">\n            <div class=\"\">\n            <ul class=\"products-grid\">\n                            <li class=\"product-card | product-grid-item revealer fadeInDown\">\n                    <a  href=\"https:\/\/scoder-metalforming.com\/products\/steering-column-components\/\" class=\"text-center\">\n                        <figure class=\"product-thumbnail | zoomInOnHover mb-lg-4 mb-3\">\n                            <img loading=\"lazy\" decoding=\"async\" width=\"472\" height=\"547\" src=\"https:\/\/scoder-metalforming.com\/wp-content\/uploads\/2024\/07\/sterring-columns-component-with-sr.jpg\" class=\"img-fluid w-100 wp-post-image\" alt=\"\" srcset=\"https:\/\/scoder-metalforming.com\/wp-content\/uploads\/2024\/07\/sterring-columns-component-with-sr.jpg 472w, https:\/\/scoder-metalforming.com\/wp-content\/uploads\/2024\/07\/sterring-columns-component-with-sr-259x300.jpg 259w\" sizes=\"auto, (max-width: 472px) 100vw, 472px\" \/>                        <\/figure>\n                        <span class=\"product-title | d-block has-medium-font-size fw-semibold\">Colonne de direction &#8211; composants<\/span>\n                        <span class=\"product-subtitle | d-block has-small-font-size fw-normal\">\n                                                    <\/span>\n                    <\/a>\n                <\/li>\n                            <li class=\"product-card | product-grid-item revealer fadeInDown\">\n                    <a  href=\"https:\/\/scoder-metalforming.com\/products\/motor-housing\/\" class=\"text-center\">\n                        <figure class=\"product-thumbnail | zoomInOnHover mb-lg-4 mb-3\">\n                            <img loading=\"lazy\" decoding=\"async\" width=\"800\" height=\"973\" src=\"https:\/\/scoder-metalforming.com\/wp-content\/uploads\/2024\/07\/Scoder-Bleu_47-resized-842x1024.jpg\" class=\"img-fluid w-100 wp-post-image\" alt=\"\" srcset=\"https:\/\/scoder-metalforming.com\/wp-content\/uploads\/2024\/07\/Scoder-Bleu_47-resized-842x1024.jpg 842w, https:\/\/scoder-metalforming.com\/wp-content\/uploads\/2024\/07\/Scoder-Bleu_47-resized-247x300.jpg 247w, https:\/\/scoder-metalforming.com\/wp-content\/uploads\/2024\/07\/Scoder-Bleu_47-resized-768x934.jpg 768w, https:\/\/scoder-metalforming.com\/wp-content\/uploads\/2024\/07\/Scoder-Bleu_47-resized.jpg 1024w\" sizes=\"auto, (max-width: 800px) 100vw, 800px\" \/>                        <\/figure>\n                        <span class=\"product-title | d-block has-medium-font-size fw-semibold\">Carcasse moteur<\/span>\n                        <span class=\"product-subtitle | d-block has-small-font-size fw-normal\">\n                                                    <\/span>\n                    <\/a>\n                <\/li>\n                            <li class=\"product-card | product-grid-item revealer fadeInDown\">\n                    <a  href=\"https:\/\/scoder-metalforming.com\/products\/latches-components\/\" class=\"text-center\">\n                        <figure class=\"product-thumbnail | zoomInOnHover mb-lg-4 mb-3\">\n                            <img loading=\"lazy\" decoding=\"async\" width=\"800\" height=\"973\" src=\"https:\/\/scoder-metalforming.com\/wp-content\/uploads\/2024\/09\/Latches-842x1024.jpg\" class=\"img-fluid w-100 wp-post-image\" alt=\"\" srcset=\"https:\/\/scoder-metalforming.com\/wp-content\/uploads\/2024\/09\/Latches-842x1024.jpg 842w, https:\/\/scoder-metalforming.com\/wp-content\/uploads\/2024\/09\/Latches-247x300.jpg 247w, https:\/\/scoder-metalforming.com\/wp-content\/uploads\/2024\/09\/Latches-768x934.jpg 768w, https:\/\/scoder-metalforming.com\/wp-content\/uploads\/2024\/09\/Latches.jpg 1024w\" sizes=\"auto, (max-width: 800px) 100vw, 800px\" \/>                        <\/figure>\n                        <span class=\"product-title | d-block has-medium-font-size fw-semibold\">Serrures &#8211; composants<\/span>\n                        <span class=\"product-subtitle | d-block has-small-font-size fw-normal\">\n                                                    <\/span>\n                    <\/a>\n                <\/li>\n                            <li class=\"product-card | product-grid-item revealer fadeInDown\">\n                    <a  href=\"https:\/\/scoder-metalforming.com\/products\/busbars-connectors\/\" class=\"text-center\">\n                        <figure class=\"product-thumbnail | zoomInOnHover mb-lg-4 mb-3\">\n                            <img loading=\"lazy\" decoding=\"async\" width=\"800\" height=\"973\" src=\"https:\/\/scoder-metalforming.com\/wp-content\/uploads\/2024\/09\/Busbars-Connectors-842x1024.jpg\" class=\"img-fluid w-100 wp-post-image\" alt=\"\" srcset=\"https:\/\/scoder-metalforming.com\/wp-content\/uploads\/2024\/09\/Busbars-Connectors-842x1024.jpg 842w, https:\/\/scoder-metalforming.com\/wp-content\/uploads\/2024\/09\/Busbars-Connectors-247x300.jpg 247w, https:\/\/scoder-metalforming.com\/wp-content\/uploads\/2024\/09\/Busbars-Connectors-768x934.jpg 768w, https:\/\/scoder-metalforming.com\/wp-content\/uploads\/2024\/09\/Busbars-Connectors.jpg 1024w\" sizes=\"auto, (max-width: 800px) 100vw, 800px\" \/>                        <\/figure>\n                        <span class=\"product-title | d-block has-medium-font-size fw-semibold\">Coupe circuit \/ Connectiques<\/span>\n                        <span class=\"product-subtitle | d-block has-small-font-size fw-normal\">\n                                                    <\/span>\n                    <\/a>\n                <\/li>\n                            <li class=\"product-card | product-grid-item revealer fadeInDown\">\n                    <a  href=\"https:\/\/scoder-metalforming.com\/products\/miscellaneous\/\" class=\"text-center\">\n                        <figure class=\"product-thumbnail | zoomInOnHover mb-lg-4 mb-3\">\n                            <img loading=\"lazy\" decoding=\"async\" width=\"472\" height=\"547\" src=\"https:\/\/scoder-metalforming.com\/wp-content\/uploads\/2024\/07\/Scoder-Bleu_42.jpg\" class=\"img-fluid w-100 wp-post-image\" alt=\"\" srcset=\"https:\/\/scoder-metalforming.com\/wp-content\/uploads\/2024\/07\/Scoder-Bleu_42.jpg 472w, https:\/\/scoder-metalforming.com\/wp-content\/uploads\/2024\/07\/Scoder-Bleu_42-259x300.jpg 259w\" sizes=\"auto, (max-width: 472px) 100vw, 472px\" \/>                        <\/figure>\n                        <span class=\"product-title | d-block has-medium-font-size fw-semibold\">Divers \u2013 Automobile<\/span>\n                        <span class=\"product-subtitle | d-block has-small-font-size fw-normal\">\n                                                    <\/span>\n                    <\/a>\n                <\/li>\n                            <li class=\"product-card | product-grid-item revealer fadeInDown\">\n                    <a  href=\"https:\/\/scoder-metalforming.com\/products\/non-automotive-parts\/\" class=\"text-center\">\n                        <figure class=\"product-thumbnail | zoomInOnHover mb-lg-4 mb-3\">\n                            <img loading=\"lazy\" decoding=\"async\" width=\"800\" height=\"973\" src=\"https:\/\/scoder-metalforming.com\/wp-content\/uploads\/2024\/07\/Scoder-Bleu_44_resized-842x1024.jpg\" class=\"img-fluid w-100 wp-post-image\" alt=\"\" srcset=\"https:\/\/scoder-metalforming.com\/wp-content\/uploads\/2024\/07\/Scoder-Bleu_44_resized-842x1024.jpg 842w, https:\/\/scoder-metalforming.com\/wp-content\/uploads\/2024\/07\/Scoder-Bleu_44_resized-247x300.jpg 247w, https:\/\/scoder-metalforming.com\/wp-content\/uploads\/2024\/07\/Scoder-Bleu_44_resized-768x934.jpg 768w, https:\/\/scoder-metalforming.com\/wp-content\/uploads\/2024\/07\/Scoder-Bleu_44_resized.jpg 1024w\" sizes=\"auto, (max-width: 800px) 100vw, 800px\" \/>                        <\/figure>\n                        <span class=\"product-title | d-block has-medium-font-size fw-semibold\">Industries<\/span>\n                        <span class=\"product-subtitle | d-block has-small-font-size fw-normal\">\n                                                    <\/span>\n                    <\/a>\n                <\/li>\n                        <\/ul>\n                    <\/div>\n    <\/div>\n<div class=\"wp-block-group is-layout-constrained wp-block-group-is-layout-constrained\" style=\"padding-top:var(--wp--preset--spacing--spacing-4);padding-bottom:var(--wp--preset--spacing--spacing-6)\">\n<div class=\"wp-block-cover is-light grid-wide\" style=\"margin-top:var(--wp--preset--spacing--spacing-5);margin-bottom:var(--wp--preset--spacing--spacing-5);padding-top:0;padding-bottom:0;min-height:50px;aspect-ratio:unset;\"><span aria-hidden=\"true\" class=\"wp-block-cover__background has-base-background-color has-background-dim-100 has-background-dim\"><\/span><div class=\"wp-block-cover__inner-container is-layout-constrained wp-block-cover-is-layout-constrained\">\n<figure class=\"wp-block-image aligncenter size-large revealer fadeInDown\"><img loading=\"lazy\" decoding=\"async\" width=\"1478\" height=\"269\" src=\"https:\/\/scoder-metalforming.com\/wp-content\/uploads\/2024\/06\/scoder-wholename-lines.svg\" alt=\"\" class=\"wp-image-836\"\/><\/figure>\n<\/div><\/div>\n\n\n\n<h2 class=\"wp-block-heading revealer fadeInDown\">D\u00e9couvrez aussi<\/h2>\n\n\n\n<div class=\"wp-block-group discover-pages revealer fadeInDown is-content-justification-center is-layout-flex wp-container-core-group-is-layout-b02886af wp-block-group-is-layout-flex\">\n<div class=\"wp-block-group discover-page is-vertical is-content-justification-center is-layout-flex wp-container-core-group-is-layout-ce155fab wp-block-group-is-layout-flex\">\n<figure class=\"wp-block-image size-full is-resized zoomInOnHover\"><img loading=\"lazy\" decoding=\"async\" width=\"472\" height=\"290\" src=\"https:\/\/scoder-metalforming.com\/wp-content\/uploads\/2024\/07\/Industrialization-solutions.jpg\" alt=\"\" class=\"wp-image-893\" style=\"object-fit:cover;width:472px;height:290px\" srcset=\"https:\/\/scoder-metalforming.com\/wp-content\/uploads\/2024\/07\/Industrialization-solutions.jpg 472w, https:\/\/scoder-metalforming.com\/wp-content\/uploads\/2024\/07\/Industrialization-solutions-300x184.jpg 300w\" sizes=\"auto, (max-width: 472px) 100vw, 472px\" \/><\/figure>\n\n\n\n<p class=\"has-text-align-center\"><a href=\"https:\/\/scoder-metalforming.com\/fr\/solutions-dindustrialisation\/\" data-type=\"page\" data-id=\"341\">Solutions d\u2019industrialisation<\/a><\/p>\n<\/div>\n\n\n\n<div class=\"wp-block-group discover-page is-vertical is-content-justification-center is-layout-flex wp-container-core-group-is-layout-ce155fab wp-block-group-is-layout-flex\">\n<figure class=\"wp-block-image size-full is-resized zoomInOnHover\"><img loading=\"lazy\" decoding=\"async\" width=\"1024\" height=\"1024\" src=\"https:\/\/scoder-metalforming.com\/wp-content\/uploads\/2024\/09\/innovation.jpg\" alt=\"\" class=\"wp-image-1746\" style=\"object-fit:cover;width:472px;height:290px\" srcset=\"https:\/\/scoder-metalforming.com\/wp-content\/uploads\/2024\/09\/innovation.jpg 1024w, https:\/\/scoder-metalforming.com\/wp-content\/uploads\/2024\/09\/innovation-300x300.jpg 300w, https:\/\/scoder-metalforming.com\/wp-content\/uploads\/2024\/09\/innovation-150x150.jpg 150w, https:\/\/scoder-metalforming.com\/wp-content\/uploads\/2024\/09\/innovation-768x768.jpg 768w\" sizes=\"auto, (max-width: 1024px) 100vw, 1024px\" \/><\/figure>\n\n\n\n<p class=\"has-text-align-center\"><a href=\"https:\/\/scoder-metalforming.com\/fr\/innovations\/\" data-type=\"page\" data-id=\"354\">Innovations<\/a><\/p>\n<\/div>\n\n\n\n<div class=\"wp-block-group discover-page is-vertical is-content-justification-center is-layout-flex wp-container-core-group-is-layout-ce155fab wp-block-group-is-layout-flex\">\n<figure class=\"wp-block-image size-full is-resized zoomInOnHover\"><img loading=\"lazy\" decoding=\"async\" width=\"1200\" height=\"800\" src=\"https:\/\/scoder-metalforming.com\/wp-content\/uploads\/2024\/09\/who_are_we_scoder.jpg\" alt=\"\" class=\"wp-image-1936\" style=\"object-fit:cover;width:472px;height:290px\" srcset=\"https:\/\/scoder-metalforming.com\/wp-content\/uploads\/2024\/09\/who_are_we_scoder.jpg 1200w, https:\/\/scoder-metalforming.com\/wp-content\/uploads\/2024\/09\/who_are_we_scoder-300x200.jpg 300w, https:\/\/scoder-metalforming.com\/wp-content\/uploads\/2024\/09\/who_are_we_scoder-1024x683.jpg 1024w, https:\/\/scoder-metalforming.com\/wp-content\/uploads\/2024\/09\/who_are_we_scoder-768x512.jpg 768w\" sizes=\"auto, (max-width: 1200px) 100vw, 1200px\" \/><\/figure>\n\n\n\n<p class=\"has-text-align-center\"><a href=\"https:\/\/scoder-metalforming.com\/fr\/qui-sommes-nous\/\" data-type=\"page\" data-id=\"337\"><\/a><a href=\"https:\/\/scoder-metalforming.com\/fr\/qui-sommes-nous\/\">\u00c0 propos<\/a><\/p>\n<\/div>\n<\/div>\n<\/div>\n","protected":false},"excerpt":{"rendered":"<p>Nos produits Ultra precision metal forming with Passion Nous nous sp\u00e9cialisons principalement dans le secteur automobile, en produisant des pi\u00e8ces de s\u00e9curit\u00e9 et de r\u00e9glementation pour la mobilit\u00e9 et la protection de la vie. Nous servons \u00e9galement des applications industrielles, en fournissant aux OEM les plus prestigieux des solutions industrialis\u00e9es qui garantissent la comp\u00e9titivit\u00e9, la [&hellip;]<\/p>\n","protected":false},"author":6,"featured_media":0,"parent":0,"menu_order":0,"comment_status":"closed","ping_status":"closed","template":"","meta":{"_acf_changed":false,"footnotes":""},"class_list":["post-1875","page","type-page","status-publish","hentry"],"acf":[],"_links":{"self":[{"href":"https:\/\/scoder-metalforming.com\/fr\/wp-json\/wp\/v2\/pages\/1875","targetHints":{"allow":["GET"]}}],"collection":[{"href":"https:\/\/scoder-metalforming.com\/fr\/wp-json\/wp\/v2\/pages"}],"about":[{"href":"https:\/\/scoder-metalforming.com\/fr\/wp-json\/wp\/v2\/types\/page"}],"author":[{"embeddable":true,"href":"https:\/\/scoder-metalforming.com\/fr\/wp-json\/wp\/v2\/users\/6"}],"replies":[{"embeddable":true,"href":"https:\/\/scoder-metalforming.com\/fr\/wp-json\/wp\/v2\/comments?post=1875"}],"version-history":[{"count":5,"href":"https:\/\/scoder-metalforming.com\/fr\/wp-json\/wp\/v2\/pages\/1875\/revisions"}],"predecessor-version":[{"id":2315,"href":"https:\/\/scoder-metalforming.com\/fr\/wp-json\/wp\/v2\/pages\/1875\/revisions\/2315"}],"wp:attachment":[{"href":"https:\/\/scoder-metalforming.com\/fr\/wp-json\/wp\/v2\/media?parent=1875"}],"curies":[{"name":"wp","href":"https:\/\/api.w.org\/{rel}","templated":true}]}}